{"id":15,"date":"2024-05-05T17:01:12","date_gmt":"2024-05-05T15:01:12","guid":{"rendered":"http:\/\/mzzblwt.cluster029.hosting.ovh.net\/?page_id=15"},"modified":"2025-09-14T09:56:47","modified_gmt":"2025-09-14T07:56:47","slug":"acceuil","status":"publish","type":"page","link":"https:\/\/animalgeo.fr\/","title":{"rendered":"acceuil"},"content":{"rendered":"\t\t<div data-elementor-type=\"wp-page\" data-elementor-id=\"15\" class=\"elementor elementor-15\">\n\t\t\t\t<div class=\"elementor-element elementor-element-359172d e-con-full e-flex wpr-particle-no wpr-jarallax-no wpr-parallax-no wpr-sticky-section-no wpr-equal-height-no e-con e-parent\" data-id=\"359172d\" data-element_type=\"container\" data-settings=\"{&quot;background_background&quot;:&quot;classic&quot;}\">\n\t\t\t\t<div class=\"elementor-element elementor-element-cacca43 elementor-widget__width-initial hfe-search-layout-text elementor-widget elementor-widget-hfe-search-button\" data-id=\"cacca43\" data-element_type=\"widget\" data-settings=\"{&quot;size&quot;:{&quot;unit&quot;:&quot;px&quot;,&quot;size&quot;:24,&quot;sizes&quot;:[]},&quot;size_tablet&quot;:{&quot;unit&quot;:&quot;px&quot;,&quot;size&quot;:&quot;&quot;,&quot;sizes&quot;:[]},&quot;size_mobile&quot;:{&quot;unit&quot;:&quot;px&quot;,&quot;size&quot;:&quot;&quot;,&quot;sizes&quot;:[]},&quot;close_icon_size&quot;:{&quot;unit&quot;:&quot;px&quot;,&quot;size&quot;:&quot;20&quot;,&quot;sizes&quot;:[]},&quot;close_icon_size_tablet&quot;:{&quot;unit&quot;:&quot;px&quot;,&quot;size&quot;:&quot;&quot;,&quot;sizes&quot;:[]},&quot;close_icon_size_mobile&quot;:{&quot;unit&quot;:&quot;px&quot;,&quot;size&quot;:&quot;&quot;,&quot;sizes&quot;:[]}}\" data-widget_type=\"hfe-search-button.default\">\n\t\t\t\t<div class=\"elementor-widget-container\">\n\t\t\t\t\t<form class=\"hfe-search-button-wrapper\" role=\"search\" action=\"https:\/\/animalgeo.fr\/\" method=\"get\">\n\n\t\t\t\t\t\t<div class=\"hfe-search-form__container\" role=\"tablist\">\n\t\t\t\t\t\t\t\t\t<input placeholder=\"Saisissez et appuyez sur \u00ab\u00a0Entr\u00e9e\u00a0\u00bb...\" class=\"hfe-search-form__input\" type=\"search\" name=\"s\" title=\"Recherche\" value=\"\">\n\t\t\t\t\t\t<button id=\"clear\" type=\"reset\">\n\t\t\t\t\t\t\t<i class=\"fas fa-times clearable__clear\" aria-hidden=\"true\"><\/i>\n\t\t\t\t\t\t<\/button>\n\t\t\t\t\t\t\t<\/div>\n\t\t\t\t<\/form>\n\t\t\t\t<\/div>\n\t\t\t\t<\/div>\n\t\t\t\t<\/div>\n\t\t<div class=\"elementor-element elementor-element-ac0d497 e-flex e-con-boxed wpr-particle-no wpr-jarallax-no wpr-parallax-no wpr-sticky-section-no wpr-equal-height-no e-con e-parent\" data-id=\"ac0d497\" data-element_type=\"container\">\n\t\t\t\t\t<div class=\"e-con-inner\">\n\t\t\t\t<div class=\"elementor-element elementor-element-a148671 elementor-widget elementor-widget-text-editor\" data-id=\"a148671\" data-element_type=\"widget\" data-widget_type=\"text-editor.default\">\n\t\t\t\t<div class=\"elementor-widget-container\">\n\t\t\t<style>\/*! elementor - v3.21.0 - 26-05-2024 *\/\n.elementor-widget-text-editor.elementor-drop-cap-view-stacked .elementor-drop-cap{background-color:#69727d;color:#fff}.elementor-widget-text-editor.elementor-drop-cap-view-framed .elementor-drop-cap{color:#69727d;border:3px solid;background-color:transparent}.elementor-widget-text-editor:not(.elementor-drop-cap-view-default) .elementor-drop-cap{margin-top:8px}.elementor-widget-text-editor:not(.elementor-drop-cap-view-default) .elementor-drop-cap-letter{width:1em;height:1em}.elementor-widget-text-editor .elementor-drop-cap{float:left;text-align:center;line-height:1;font-size:50px}.elementor-widget-text-editor .elementor-drop-cap-letter{display:inline-block}<\/style>\t\t\t\t<p>Animalgeo est n\u00e9 de la volont\u00e9 d&rsquo;apporter au grand public des produits naturels dont l&rsquo;efficacit\u00e9 est d\u00e9montr\u00e9 grace aux \u00e9leveurs et aux v\u00e9t\u00e9rinaires.<\/p><p>C&rsquo;est dans ce sens que nous avons cr\u00e9\u00e9 les marque <strong>LES REMEDES DE GRAND MERE, LES PETITS PLAISIRS DE GRAND MERE<\/strong>\u00a0et <strong>PHYT&rsquo;O&rsquo;GEO<\/strong> .<\/p><p>Les produits r\u00e9pondent \u00e0 un cahier des charges drastiques prenant en compte l&rsquo;efficacit\u00e9, l&rsquo;impact sur l&rsquo;environnement, la facilit\u00e9 d&rsquo;utilisation.<\/p><p>Notre \u00e9quipe \u00e0 mis au point des formules uniques afin de r\u00e9pondre \u00e0 tous vos besoins.<\/p><p>Afin de limiter au maximum notre impact sur l&rsquo;environnement, et afin de faire b\u00e9n\u00e9ficier les consommateurs des meilleurs conseilles, nos produits sont disponible dans les magasins sp\u00e9cialis\u00e9s.\u00a0\u00a0<\/p>\t\t\t\t\t\t<\/div>\n\t\t\t\t<\/div>\n\t\t\t\t\t<\/div>\n\t\t\t\t<\/div>\n\t\t<div class=\"elementor-element elementor-element-679867d e-con-full e-flex wpr-particle-no wpr-jarallax-no wpr-parallax-no wpr-sticky-section-no wpr-equal-height-no e-con e-parent\" data-id=\"679867d\" data-element_type=\"container\">\n\t\t\t\t<div class=\"elementor-element elementor-element-2b33f7f elementor-arrows-position-inside elementor-pagination-position-outside elementor-widget elementor-widget-image-carousel\" data-id=\"2b33f7f\" data-element_type=\"widget\" data-settings=\"{&quot;slides_to_show&quot;:&quot;4&quot;,&quot;navigation&quot;:&quot;both&quot;,&quot;autoplay&quot;:&quot;yes&quot;,&quot;pause_on_hover&quot;:&quot;yes&quot;,&quot;pause_on_interaction&quot;:&quot;yes&quot;,&quot;autoplay_speed&quot;:5000,&quot;infinite&quot;:&quot;yes&quot;,&quot;speed&quot;:500}\" data-widget_type=\"image-carousel.default\">\n\t\t\t\t<div class=\"elementor-widget-container\">\n\t\t\t<style>\/*! elementor - v3.21.0 - 26-05-2024 *\/\n.elementor-widget-image-carousel .swiper,.elementor-widget-image-carousel .swiper-container{position:static}.elementor-widget-image-carousel .swiper-container .swiper-slide figure,.elementor-widget-image-carousel .swiper .swiper-slide figure{line-height:inherit}.elementor-widget-image-carousel .swiper-slide{text-align:center}.elementor-image-carousel-wrapper:not(.swiper-container-initialized):not(.swiper-initialized) .swiper-slide{max-width:calc(100% \/ var(--e-image-carousel-slides-to-show, 3))}<\/style>            <div class=\"elementor-image-carousel-wrapper swiper\" dir=\"ltr\">\n                <div class=\"elementor-image-carousel swiper-wrapper\" aria-live=\"off\">\n\t\t\t\t\t\t\t\t\t\t<div class=\"swiper-slide\"><a data-elementor-open-lightbox=\"no\" href=\"http:\/\/mzzblwt.cluster029.hosting.ovh.net\/index.php\/elementor-109\/\" target=\"\"><figure class=\"swiper-slide-inner\"><img decoding=\"async\" class=\"swiper-slide-image\" src=\"https:\/\/animalgeo.fr\/wp-content\/uploads\/2024\/05\/3760269322790-198x300.png\" alt=\"bienvenue&#039;o&#039;plantes\" \/><\/figure><\/a><\/div><div class=\"swiper-slide\"><a data-elementor-open-lightbox=\"no\" href=\"http:\/\/mzzblwt.cluster029.hosting.ovh.net\/index.php\/elementor-198\/\" target=\"_blank\"><figure class=\"swiper-slide-inner\"><img decoding=\"async\" class=\"swiper-slide-image\" src=\"https:\/\/animalgeo.fr\/wp-content\/uploads\/2024\/05\/3760269321854-1-198x300.png\" alt=\"vermi&#039;o&#039;plantes\" \/><\/figure><\/a><\/div><div class=\"swiper-slide\"><a data-elementor-open-lightbox=\"yes\" data-elementor-lightbox-slideshow=\"2b33f7f\" data-elementor-lightbox-title=\"3760269321830\" data-e-action-hash=\"#elementor-action%3Aaction%3Dlightbox%26settings%3DeyJpZCI6MTQ4LCJ1cmwiOiJodHRwczpcL1wvYW5pbWFsZ2VvLmZyXC93cC1jb250ZW50XC91cGxvYWRzXC8yMDI0XC8wNVwvMzc2MDI2OTMyMTgzMC5wbmciLCJzbGlkZXNob3ciOiIyYjMzZjdmIn0%3D\" href=\"https:\/\/animalgeo.fr\/wp-content\/uploads\/2024\/05\/3760269321830.png\"><figure class=\"swiper-slide-inner\"><img decoding=\"async\" class=\"swiper-slide-image\" src=\"https:\/\/animalgeo.fr\/wp-content\/uploads\/2024\/05\/3760269321830-198x300.png\" alt=\"cocci&#039;o&#039;plantes\" \/><\/figure><\/a><\/div><div class=\"swiper-slide\"><a data-elementor-open-lightbox=\"yes\" data-elementor-lightbox-slideshow=\"2b33f7f\" data-elementor-lightbox-title=\"3760269321878\" data-e-action-hash=\"#elementor-action%3Aaction%3Dlightbox%26settings%3DeyJpZCI6MTUzLCJ1cmwiOiJodHRwczpcL1wvYW5pbWFsZ2VvLmZyXC93cC1jb250ZW50XC91cGxvYWRzXC8yMDI0XC8wNVwvMzc2MDI2OTMyMTg3OC5wbmciLCJzbGlkZXNob3ciOiIyYjMzZjdmIn0%3D\" href=\"https:\/\/animalgeo.fr\/wp-content\/uploads\/2024\/05\/3760269321878.png\"><figure class=\"swiper-slide-inner\"><img decoding=\"async\" class=\"swiper-slide-image\" src=\"https:\/\/animalgeo.fr\/wp-content\/uploads\/2024\/05\/3760269321878-198x300.png\" alt=\"3760269321878\" \/><\/figure><\/a><\/div><div class=\"swiper-slide\"><a data-elementor-open-lightbox=\"yes\" data-elementor-lightbox-slideshow=\"2b33f7f\" data-elementor-lightbox-title=\"3760269321861\" data-e-action-hash=\"#elementor-action%3Aaction%3Dlightbox%26settings%3DeyJpZCI6MTUyLCJ1cmwiOiJodHRwczpcL1wvYW5pbWFsZ2VvLmZyXC93cC1jb250ZW50XC91cGxvYWRzXC8yMDI0XC8wNVwvMzc2MDI2OTMyMTg2MS5wbmciLCJzbGlkZXNob3ciOiIyYjMzZjdmIn0%3D\" href=\"https:\/\/animalgeo.fr\/wp-content\/uploads\/2024\/05\/3760269321861.png\"><figure class=\"swiper-slide-inner\"><img decoding=\"async\" class=\"swiper-slide-image\" src=\"https:\/\/animalgeo.fr\/wp-content\/uploads\/2024\/05\/3760269321861-198x300.png\" alt=\"3760269321861\" \/><\/figure><\/a><\/div><div class=\"swiper-slide\"><a data-elementor-open-lightbox=\"yes\" data-elementor-lightbox-slideshow=\"2b33f7f\" data-elementor-lightbox-title=\"3760269321847\" data-e-action-hash=\"#elementor-action%3Aaction%3Dlightbox%26settings%3DeyJpZCI6MTQ5LCJ1cmwiOiJodHRwczpcL1wvYW5pbWFsZ2VvLmZyXC93cC1jb250ZW50XC91cGxvYWRzXC8yMDI0XC8wNVwvMzc2MDI2OTMyMTg0Ny5wbmciLCJzbGlkZXNob3ciOiIyYjMzZjdmIn0%3D\" href=\"https:\/\/animalgeo.fr\/wp-content\/uploads\/2024\/05\/3760269321847.png\"><figure class=\"swiper-slide-inner\"><img decoding=\"async\" class=\"swiper-slide-image\" src=\"https:\/\/animalgeo.fr\/wp-content\/uploads\/2024\/05\/3760269321847-198x300.png\" alt=\"3760269321847\" \/><\/figure><\/a><\/div><div class=\"swiper-slide\"><a data-elementor-open-lightbox=\"yes\" data-elementor-lightbox-slideshow=\"2b33f7f\" data-elementor-lightbox-title=\"3760269321823\" data-e-action-hash=\"#elementor-action%3Aaction%3Dlightbox%26settings%3DeyJpZCI6MTQ3LCJ1cmwiOiJodHRwczpcL1wvYW5pbWFsZ2VvLmZyXC93cC1jb250ZW50XC91cGxvYWRzXC8yMDI0XC8wNVwvMzc2MDI2OTMyMTgyMy5wbmciLCJzbGlkZXNob3ciOiIyYjMzZjdmIn0%3D\" href=\"https:\/\/animalgeo.fr\/wp-content\/uploads\/2024\/05\/3760269321823.png\"><figure class=\"swiper-slide-inner\"><img decoding=\"async\" class=\"swiper-slide-image\" src=\"https:\/\/animalgeo.fr\/wp-content\/uploads\/2024\/05\/3760269321823-198x300.png\" alt=\"3760269321823\" \/><\/figure><\/a><\/div><div class=\"swiper-slide\"><a data-elementor-open-lightbox=\"yes\" data-elementor-lightbox-slideshow=\"2b33f7f\" data-elementor-lightbox-title=\"3760269322080\" data-e-action-hash=\"#elementor-action%3Aaction%3Dlightbox%26settings%3DeyJpZCI6MTU0LCJ1cmwiOiJodHRwczpcL1wvYW5pbWFsZ2VvLmZyXC93cC1jb250ZW50XC91cGxvYWRzXC8yMDI0XC8wNVwvMzc2MDI2OTMyMjA4MC5wbmciLCJzbGlkZXNob3ciOiIyYjMzZjdmIn0%3D\" href=\"https:\/\/animalgeo.fr\/wp-content\/uploads\/2024\/05\/3760269322080.png\"><figure class=\"swiper-slide-inner\"><img decoding=\"async\" class=\"swiper-slide-image\" src=\"https:\/\/animalgeo.fr\/wp-content\/uploads\/2024\/05\/3760269322080-225x300.png\" alt=\"3760269322080\" \/><\/figure><\/a><\/div>                <\/div>\n\t\t\t\t\t\t\t\t\t                        <div class=\"swiper-pagination\"><\/div>\n\t\t\t\t\t\t\t\t\t\t                        <div class=\"elementor-swiper-button elementor-swiper-button-prev\">\n                            <i class=\"eicon-chevron-left\" aria-hidden=\"true\"><\/i>\n                            <span class=\"elementor-screen-only\">Pr\u00e9c\u00e9dent<\/span>\n                        <\/div>\n                        <div class=\"elementor-swiper-button elementor-swiper-button-next\">\n                            <i class=\"eicon-chevron-right\" aria-hidden=\"true\"><\/i>\n                            <span class=\"elementor-screen-only\">Suivant<\/span>\n                        <\/div>\n\t\t\t\t\t\t\t\t\t            <\/div>\n\t\t\t\t\t<\/div>\n\t\t\t\t<\/div>\n\t\t\t\t<\/div>\n\t\t<div class=\"elementor-element elementor-element-a419733 e-flex e-con-boxed wpr-particle-no wpr-jarallax-no wpr-parallax-no wpr-sticky-section-no wpr-equal-height-no e-con e-parent\" data-id=\"a419733\" data-element_type=\"container\">\n\t\t\t\t\t<div class=\"e-con-inner\">\n\t\t\t\t\t<\/div>\n\t\t\t\t<\/div>\n\t\t\t\t<\/div>\n\t\t","protected":false},"excerpt":{"rendered":"<p>Animalgeo est n\u00e9 de la volont\u00e9 d&rsquo;apporter au grand public des produits naturels dont l&rsquo;efficacit\u00e9 est d\u00e9montr\u00e9 grace aux \u00e9leveurs et aux v\u00e9t\u00e9rinaires. C&rsquo;est dans ce sens que nous avons cr\u00e9\u00e9 les marque LES REMEDES DE GRAND MERE, LES PETITS PLAISIRS DE GRAND MERE\u00a0et PHYT&rsquo;O&rsquo;GEO . Les produits r\u00e9pondent \u00e0 un cahier des charges drastiques prenant en compte l&rsquo;efficacit\u00e9, l&rsquo;impact sur l&rsquo;environnement, la facilit\u00e9 d&rsquo;utilisation. Notre \u00e9quipe \u00e0 mis au point des formules uniques afin de r\u00e9pondre \u00e0 tous vos besoins. Afin de limiter au maximum notre impact sur l&rsquo;environnement, et afin de faire b\u00e9n\u00e9ficier les consommateurs des meilleurs conseilles, nos produits sont disponible dans les magasins sp\u00e9cialis\u00e9s.\u00a0\u00a0 Pr\u00e9c\u00e9dent Suivant<\/p>\n","protected":false},"author":1,"featured_media":0,"parent":0,"menu_order":0,"comment_status":"closed","ping_status":"closed","template":"templates\/template-page-builders.php","meta":{"footnotes":""},"class_list":["post-15","page","type-page","status-publish","hentry"],"_links":{"self":[{"href":"https:\/\/animalgeo.fr\/index.php\/wp-json\/wp\/v2\/pages\/15","targetHints":{"allow":["GET"]}}],"collection":[{"href":"https:\/\/animalgeo.fr\/index.php\/wp-json\/wp\/v2\/pages"}],"about":[{"href":"https:\/\/animalgeo.fr\/index.php\/wp-json\/wp\/v2\/types\/page"}],"author":[{"embeddable":true,"href":"https:\/\/animalgeo.fr\/index.php\/wp-json\/wp\/v2\/users\/1"}],"replies":[{"embeddable":true,"href":"https:\/\/animalgeo.fr\/index.php\/wp-json\/wp\/v2\/comments?post=15"}],"version-history":[{"count":76,"href":"https:\/\/animalgeo.fr\/index.php\/wp-json\/wp\/v2\/pages\/15\/revisions"}],"predecessor-version":[{"id":575,"href":"https:\/\/animalgeo.fr\/index.php\/wp-json\/wp\/v2\/pages\/15\/revisions\/575"}],"wp:attachment":[{"href":"https:\/\/animalgeo.fr\/index.php\/wp-json\/wp\/v2\/media?parent=15"}],"curies":[{"name":"wp","href":"https:\/\/api.w.org\/{rel}","templated":true}]}}