{"id":198,"date":"2024-05-05T18:23:16","date_gmt":"2024-05-05T16:23:16","guid":{"rendered":"http:\/\/mzzblwt.cluster029.hosting.ovh.net\/?page_id=198"},"modified":"2024-05-12T09:33:59","modified_gmt":"2024-05-12T07:33:59","slug":"elementor-198","status":"publish","type":"page","link":"https:\/\/animalgeo.fr\/index.php\/elementor-198\/","title":{"rendered":"vermi&rsquo;o&rsquo;plantes"},"content":{"rendered":"\t\t<div data-elementor-type=\"wp-page\" data-elementor-id=\"198\" class=\"elementor elementor-198\">\n\t\t\t\t<div class=\"elementor-element elementor-element-6706574f e-flex e-con-boxed wpr-particle-no wpr-jarallax-no wpr-parallax-no wpr-sticky-section-no wpr-equal-height-no e-con e-parent\" data-id=\"6706574f\" data-element_type=\"container\">\n\t\t\t\t\t<div class=\"e-con-inner\">\n\t\t\t\t<div class=\"elementor-element elementor-element-604d79f9 elementor-widget elementor-widget-image\" data-id=\"604d79f9\" data-element_type=\"widget\" data-widget_type=\"image.default\">\n\t\t\t\t<div class=\"elementor-widget-container\">\n\t\t\t<style>\/*! elementor - v3.21.0 - 26-05-2024 *\/\n.elementor-widget-image{text-align:center}.elementor-widget-image a{display:inline-block}.elementor-widget-image a img[src$=\".svg\"]{width:48px}.elementor-widget-image img{vertical-align:middle;display:inline-block}<\/style>\t\t\t\t\t\t\t\t\t\t<img fetchpriority=\"high\" decoding=\"async\" width=\"946\" height=\"118\" src=\"https:\/\/animalgeo.fr\/wp-content\/uploads\/2024\/05\/vermioplantes-titre.jpg\" class=\"attachment-large size-large wp-image-136\" alt=\"\" srcset=\"https:\/\/animalgeo.fr\/wp-content\/uploads\/2024\/05\/vermioplantes-titre.jpg 946w, https:\/\/animalgeo.fr\/wp-content\/uploads\/2024\/05\/vermioplantes-titre-300x37.jpg 300w, https:\/\/animalgeo.fr\/wp-content\/uploads\/2024\/05\/vermioplantes-titre-768x96.jpg 768w\" sizes=\"(max-width: 946px) 100vw, 946px\" \/>\t\t\t\t\t\t\t\t\t\t\t\t\t<\/div>\n\t\t\t\t<\/div>\n\t\t\t\t\t<\/div>\n\t\t\t\t<\/div>\n\t\t<div class=\"elementor-element elementor-element-1708c9b1 e-grid e-con-boxed wpr-particle-no wpr-jarallax-no wpr-parallax-no wpr-sticky-section-no wpr-equal-height-no e-con e-parent\" data-id=\"1708c9b1\" data-element_type=\"container\">\n\t\t\t\t\t<div class=\"e-con-inner\">\n\t\t\t\t<div class=\"elementor-element elementor-element-21bfff16 elementor-widget elementor-widget-image\" data-id=\"21bfff16\" data-element_type=\"widget\" data-widget_type=\"image.default\">\n\t\t\t\t<div class=\"elementor-widget-container\">\n\t\t\t\t\t\t\t\t\t\t\t\t\t<img decoding=\"async\" width=\"1024\" height=\"1024\" src=\"https:\/\/animalgeo.fr\/wp-content\/uploads\/2024\/05\/pub-vermifuge-1024x1024.jpg\" class=\"attachment-large size-large wp-image-56\" alt=\"\" srcset=\"https:\/\/animalgeo.fr\/wp-content\/uploads\/2024\/05\/pub-vermifuge-1024x1024.jpg 1024w, https:\/\/animalgeo.fr\/wp-content\/uploads\/2024\/05\/pub-vermifuge-300x300.jpg 300w, https:\/\/animalgeo.fr\/wp-content\/uploads\/2024\/05\/pub-vermifuge-150x150.jpg 150w, https:\/\/animalgeo.fr\/wp-content\/uploads\/2024\/05\/pub-vermifuge-768x768.jpg 768w, https:\/\/animalgeo.fr\/wp-content\/uploads\/2024\/05\/pub-vermifuge-1536x1536.jpg 1536w, https:\/\/animalgeo.fr\/wp-content\/uploads\/2024\/05\/pub-vermifuge-2048x2048.jpg 2048w\" sizes=\"(max-width: 1024px) 100vw, 1024px\" \/>\t\t\t\t\t\t\t\t\t\t\t\t\t<\/div>\n\t\t\t\t<\/div>\n\t\t\t\t<div class=\"elementor-element elementor-element-487ad98a elementor-widget elementor-widget-image\" data-id=\"487ad98a\" data-element_type=\"widget\" data-widget_type=\"image.default\">\n\t\t\t\t<div class=\"elementor-widget-container\">\n\t\t\t\t\t\t\t\t\t\t\t\t\t<img decoding=\"async\" width=\"677\" height=\"1024\" src=\"https:\/\/animalgeo.fr\/wp-content\/uploads\/2024\/05\/3760269321854-1-677x1024.png\" class=\"attachment-large size-large wp-image-151\" alt=\"\" srcset=\"https:\/\/animalgeo.fr\/wp-content\/uploads\/2024\/05\/3760269321854-1-677x1024.png 677w, https:\/\/animalgeo.fr\/wp-content\/uploads\/2024\/05\/3760269321854-1-198x300.png 198w, https:\/\/animalgeo.fr\/wp-content\/uploads\/2024\/05\/3760269321854-1-768x1162.png 768w, https:\/\/animalgeo.fr\/wp-content\/uploads\/2024\/05\/3760269321854-1-1015x1536.png 1015w, https:\/\/animalgeo.fr\/wp-content\/uploads\/2024\/05\/3760269321854-1-1354x2048.png 1354w\" sizes=\"(max-width: 677px) 100vw, 677px\" \/>\t\t\t\t\t\t\t\t\t\t\t\t\t<\/div>\n\t\t\t\t<\/div>\n\t\t\t\t<div class=\"elementor-element elementor-element-3e56ec38 elementor-widget elementor-widget-image\" data-id=\"3e56ec38\" data-element_type=\"widget\" data-widget_type=\"image.default\">\n\t\t\t\t<div class=\"elementor-widget-container\">\n\t\t\t\t\t\t\t\t\t\t\t\t\t<img loading=\"lazy\" decoding=\"async\" width=\"1024\" height=\"1024\" src=\"https:\/\/animalgeo.fr\/wp-content\/uploads\/2024\/05\/fabrique-en-france-1024x1024.png\" class=\"attachment-large size-large wp-image-78\" alt=\"\" srcset=\"https:\/\/animalgeo.fr\/wp-content\/uploads\/2024\/05\/fabrique-en-france-1024x1024.png 1024w, https:\/\/animalgeo.fr\/wp-content\/uploads\/2024\/05\/fabrique-en-france-300x300.png 300w, https:\/\/animalgeo.fr\/wp-content\/uploads\/2024\/05\/fabrique-en-france-150x150.png 150w, https:\/\/animalgeo.fr\/wp-content\/uploads\/2024\/05\/fabrique-en-france-768x768.png 768w, https:\/\/animalgeo.fr\/wp-content\/uploads\/2024\/05\/fabrique-en-france-1536x1536.png 1536w, https:\/\/animalgeo.fr\/wp-content\/uploads\/2024\/05\/fabrique-en-france-2048x2048.png 2048w\" sizes=\"(max-width: 1024px) 100vw, 1024px\" \/>\t\t\t\t\t\t\t\t\t\t\t\t\t<\/div>\n\t\t\t\t<\/div>\n\t\t\t\t\t<\/div>\n\t\t\t\t<\/div>\n\t\t<div class=\"elementor-element elementor-element-6c7798c0 e-flex e-con-boxed wpr-particle-no wpr-jarallax-no wpr-parallax-no wpr-sticky-section-no wpr-equal-height-no e-con e-parent\" data-id=\"6c7798c0\" data-element_type=\"container\">\n\t\t\t\t\t<div class=\"e-con-inner\">\n\t\t\t\t<div class=\"elementor-element elementor-element-33c64d31 elementor-widget elementor-widget-text-editor\" data-id=\"33c64d31\" data-element_type=\"widget\" data-widget_type=\"text-editor.default\">\n\t\t\t\t<div class=\"elementor-widget-container\">\n\t\t\t<style>\/*! elementor - v3.21.0 - 26-05-2024 *\/\n.elementor-widget-text-editor.elementor-drop-cap-view-stacked .elementor-drop-cap{background-color:#69727d;color:#fff}.elementor-widget-text-editor.elementor-drop-cap-view-framed .elementor-drop-cap{color:#69727d;border:3px solid;background-color:transparent}.elementor-widget-text-editor:not(.elementor-drop-cap-view-default) .elementor-drop-cap{margin-top:8px}.elementor-widget-text-editor:not(.elementor-drop-cap-view-default) .elementor-drop-cap-letter{width:1em;height:1em}.elementor-widget-text-editor .elementor-drop-cap{float:left;text-align:center;line-height:1;font-size:50px}.elementor-widget-text-editor .elementor-drop-cap-letter{display:inline-block}<\/style>\t\t\t\t<p style=\"text-align: center;\">Les <strong>vers intestinaux<\/strong> repr\u00e9sentent une menace s\u00e9rieuse pour les poules, provoquant une diminution de la ponte, un affaiblissement et m\u00eame la <strong>mortalit\u00e9<\/strong>.<\/p><p style=\"text-align: center;\">C&rsquo;est pourquoi notre \u00e9quipe de chercheurs a mis au point <span style=\"color: #008000;\"><strong>VERMI&rsquo;O&rsquo;PLANTES<\/strong><\/span>.<\/p><p style=\"text-align: center;\">Cette solution <strong>innovante<\/strong> permet aux poules d&rsquo;\u00e9liminer efficacement les <strong>vers intestinaux<\/strong>.<\/p>\t\t\t\t\t\t<\/div>\n\t\t\t\t<\/div>\n\t\t\t\t\t<\/div>\n\t\t\t\t<\/div>\n\t\t<div class=\"elementor-element elementor-element-d0c282a e-flex e-con-boxed wpr-particle-no wpr-jarallax-no wpr-parallax-no wpr-sticky-section-no wpr-equal-height-no e-con e-parent\" data-id=\"d0c282a\" data-element_type=\"container\">\n\t\t\t\t\t<div class=\"e-con-inner\">\n\t\t\t\t<div class=\"elementor-element elementor-element-5c97bb7e elementor-widget elementor-widget-image\" data-id=\"5c97bb7e\" data-element_type=\"widget\" data-widget_type=\"image.default\">\n\t\t\t\t<div class=\"elementor-widget-container\">\n\t\t\t\t\t\t\t\t\t\t\t\t\t<img loading=\"lazy\" decoding=\"async\" width=\"300\" height=\"126\" src=\"https:\/\/animalgeo.fr\/wp-content\/uploads\/2024\/05\/calendrier-vermioplantes-1-300x126.jpg\" class=\"attachment-medium size-medium wp-image-207\" alt=\"\" srcset=\"https:\/\/animalgeo.fr\/wp-content\/uploads\/2024\/05\/calendrier-vermioplantes-1-300x126.jpg 300w, https:\/\/animalgeo.fr\/wp-content\/uploads\/2024\/05\/calendrier-vermioplantes-1-768x322.jpg 768w, https:\/\/animalgeo.fr\/wp-content\/uploads\/2024\/05\/calendrier-vermioplantes-1.jpg 967w\" sizes=\"(max-width: 300px) 100vw, 300px\" \/>\t\t\t\t\t\t\t\t\t\t\t\t\t<\/div>\n\t\t\t\t<\/div>\n\t\t\t\t\t<\/div>\n\t\t\t\t<\/div>\n\t\t<div class=\"elementor-element elementor-element-4dbbc7de e-flex e-con-boxed wpr-particle-no wpr-jarallax-no wpr-parallax-no wpr-sticky-section-no wpr-equal-height-no e-con e-parent\" data-id=\"4dbbc7de\" data-element_type=\"container\">\n\t\t\t\t\t<div class=\"e-con-inner\">\n\t\t\t\t<div class=\"elementor-element elementor-element-382c09b6 elementor-widget elementor-widget-text-editor\" data-id=\"382c09b6\" data-element_type=\"widget\" data-widget_type=\"text-editor.default\">\n\t\t\t\t<div class=\"elementor-widget-container\">\n\t\t\t\t\t\t\t<p style=\"text-align: center;\"><span style=\"color: #008000;\"><strong>VERMI&rsquo;O&rsquo;PLANTES<\/strong><\/span> est d\u2019une grande simplicit\u00e9 d\u2019utilisation et enti\u00e8rement naturel, permettant ainsi une consommation <strong>imm\u00e9diate<\/strong> des <strong>\u0153ufs<\/strong>.<\/p><p style=\"text-align: center;\">Mode d&#8217;emploi : Utilisez 1 dosette pour 3 poules par litre d&rsquo;eau, \u00e0 renouveler pendant 5 jours.<\/p><p style=\"text-align: center;\">Pour une efficacit\u00e9 <strong>maximale<\/strong>, il est recommand\u00e9 de le faire <strong>4 fois par an<\/strong>.<\/p>\t\t\t\t\t\t<\/div>\n\t\t\t\t<\/div>\n\t\t\t\t\t<\/div>\n\t\t\t\t<\/div>\n\t\t<div class=\"elementor-element elementor-element-3ec0a2b6 e-flex e-con-boxed wpr-particle-no wpr-jarallax-no wpr-parallax-no wpr-sticky-section-no wpr-equal-height-no e-con e-parent\" data-id=\"3ec0a2b6\" data-element_type=\"container\">\n\t\t\t\t\t<div class=\"e-con-inner\">\n\t\t\t\t<div class=\"elementor-element elementor-element-27dc4978 elementor-button-info elementor-align-center elementor-widget elementor-widget-button\" data-id=\"27dc4978\" data-element_type=\"widget\" data-widget_type=\"button.default\">\n\t\t\t\t<div class=\"elementor-widget-container\">\n\t\t\t\t\t<div class=\"elementor-button-wrapper\">\n\t\t\t<a class=\"elementor-button elementor-button-link elementor-size-sm\" href=\"http:\/\/mzzblwt.cluster029.hosting.ovh.net\/wp-content\/uploads\/2024\/05\/fiche-tehcnique-vermi-o-plantes-1-scaled.jpg\">\n\t\t\t\t\t\t<span class=\"elementor-button-content-wrapper\">\n\t\t\t\t\t\t\t\t\t<span class=\"elementor-button-text\">fiche technique vermi'o'plantes<\/span>\n\t\t\t\t\t<\/span>\n\t\t\t\t\t<\/a>\n\t\t<\/div>\n\t\t\t\t<\/div>\n\t\t\t\t<\/div>\n\t\t\t\t\t<\/div>\n\t\t\t\t<\/div>\n\t\t<div class=\"elementor-element elementor-element-5cac7077 e-grid e-con-boxed wpr-particle-no wpr-jarallax-no wpr-parallax-no wpr-sticky-section-no wpr-equal-height-no e-con e-parent\" data-id=\"5cac7077\" data-element_type=\"container\">\n\t\t\t\t\t<div class=\"e-con-inner\">\n\t\t\t\t<div class=\"elementor-element elementor-element-61c24179 elementor-widget elementor-widget-image\" data-id=\"61c24179\" data-element_type=\"widget\" data-widget_type=\"image.default\">\n\t\t\t\t<div class=\"elementor-widget-container\">\n\t\t\t\t\t\t\t\t\t\t\t\t\t<img loading=\"lazy\" decoding=\"async\" width=\"1024\" height=\"1024\" src=\"https:\/\/animalgeo.fr\/wp-content\/uploads\/2024\/05\/permet-conso-oefs-1024x1024.jpg\" class=\"attachment-large size-large wp-image-76\" alt=\"\" srcset=\"https:\/\/animalgeo.fr\/wp-content\/uploads\/2024\/05\/permet-conso-oefs-1024x1024.jpg 1024w, https:\/\/animalgeo.fr\/wp-content\/uploads\/2024\/05\/permet-conso-oefs-300x300.jpg 300w, https:\/\/animalgeo.fr\/wp-content\/uploads\/2024\/05\/permet-conso-oefs-150x150.jpg 150w, https:\/\/animalgeo.fr\/wp-content\/uploads\/2024\/05\/permet-conso-oefs-768x768.jpg 768w, https:\/\/animalgeo.fr\/wp-content\/uploads\/2024\/05\/permet-conso-oefs-1536x1536.jpg 1536w, https:\/\/animalgeo.fr\/wp-content\/uploads\/2024\/05\/permet-conso-oefs-2048x2048.jpg 2048w\" sizes=\"(max-width: 1024px) 100vw, 1024px\" \/>\t\t\t\t\t\t\t\t\t\t\t\t\t<\/div>\n\t\t\t\t<\/div>\n\t\t\t\t<div class=\"elementor-element elementor-element-70b1c878 elementor-widget elementor-widget-image\" data-id=\"70b1c878\" data-element_type=\"widget\" data-widget_type=\"image.default\">\n\t\t\t\t<div class=\"elementor-widget-container\">\n\t\t\t\t\t\t\t\t\t\t\t\t\t<img loading=\"lazy\" decoding=\"async\" width=\"1024\" height=\"1024\" src=\"https:\/\/animalgeo.fr\/wp-content\/uploads\/2024\/05\/consomation-deau-1024x1024.jpg\" class=\"attachment-large size-large wp-image-77\" alt=\"\" srcset=\"https:\/\/animalgeo.fr\/wp-content\/uploads\/2024\/05\/consomation-deau-1024x1024.jpg 1024w, https:\/\/animalgeo.fr\/wp-content\/uploads\/2024\/05\/consomation-deau-300x300.jpg 300w, https:\/\/animalgeo.fr\/wp-content\/uploads\/2024\/05\/consomation-deau-150x150.jpg 150w, https:\/\/animalgeo.fr\/wp-content\/uploads\/2024\/05\/consomation-deau-768x768.jpg 768w, https:\/\/animalgeo.fr\/wp-content\/uploads\/2024\/05\/consomation-deau-1536x1536.jpg 1536w, https:\/\/animalgeo.fr\/wp-content\/uploads\/2024\/05\/consomation-deau-2048x2048.jpg 2048w\" sizes=\"(max-width: 1024px) 100vw, 1024px\" \/>\t\t\t\t\t\t\t\t\t\t\t\t\t<\/div>\n\t\t\t\t<\/div>\n\t\t\t\t<div class=\"elementor-element elementor-element-4aba2fd5 elementor-widget elementor-widget-image\" data-id=\"4aba2fd5\" data-element_type=\"widget\" data-widget_type=\"image.default\">\n\t\t\t\t<div class=\"elementor-widget-container\">\n\t\t\t\t\t\t\t\t\t\t\t\t\t<img loading=\"lazy\" decoding=\"async\" width=\"1024\" height=\"1024\" src=\"https:\/\/animalgeo.fr\/wp-content\/uploads\/2024\/05\/efficas-1024x1024.jpg\" class=\"attachment-large size-large wp-image-75\" alt=\"\" srcset=\"https:\/\/animalgeo.fr\/wp-content\/uploads\/2024\/05\/efficas-1024x1024.jpg 1024w, https:\/\/animalgeo.fr\/wp-content\/uploads\/2024\/05\/efficas-300x300.jpg 300w, https:\/\/animalgeo.fr\/wp-content\/uploads\/2024\/05\/efficas-150x150.jpg 150w, https:\/\/animalgeo.fr\/wp-content\/uploads\/2024\/05\/efficas-768x768.jpg 768w, https:\/\/animalgeo.fr\/wp-content\/uploads\/2024\/05\/efficas-1536x1536.jpg 1536w, https:\/\/animalgeo.fr\/wp-content\/uploads\/2024\/05\/efficas-2048x2048.jpg 2048w\" sizes=\"(max-width: 1024px) 100vw, 1024px\" \/>\t\t\t\t\t\t\t\t\t\t\t\t\t<\/div>\n\t\t\t\t<\/div>\n\t\t\t\t<div class=\"elementor-element elementor-element-6894b93b elementor-widget elementor-widget-image\" data-id=\"6894b93b\" data-element_type=\"widget\" data-widget_type=\"image.default\">\n\t\t\t\t<div class=\"elementor-widget-container\">\n\t\t\t\t\t\t\t\t\t\t\t\t\t<img loading=\"lazy\" decoding=\"async\" width=\"1024\" height=\"1024\" src=\"https:\/\/animalgeo.fr\/wp-content\/uploads\/2024\/05\/baisse-co2-1024x1024.jpg\" class=\"attachment-large size-large wp-image-74\" alt=\"\" srcset=\"https:\/\/animalgeo.fr\/wp-content\/uploads\/2024\/05\/baisse-co2-1024x1024.jpg 1024w, https:\/\/animalgeo.fr\/wp-content\/uploads\/2024\/05\/baisse-co2-300x300.jpg 300w, https:\/\/animalgeo.fr\/wp-content\/uploads\/2024\/05\/baisse-co2-150x150.jpg 150w, https:\/\/animalgeo.fr\/wp-content\/uploads\/2024\/05\/baisse-co2-768x768.jpg 768w, https:\/\/animalgeo.fr\/wp-content\/uploads\/2024\/05\/baisse-co2-1536x1536.jpg 1536w, https:\/\/animalgeo.fr\/wp-content\/uploads\/2024\/05\/baisse-co2-2048x2048.jpg 2048w\" sizes=\"(max-width: 1024px) 100vw, 1024px\" \/>\t\t\t\t\t\t\t\t\t\t\t\t\t<\/div>\n\t\t\t\t<\/div>\n\t\t\t\t\t<\/div>\n\t\t\t\t<\/div>\n\t\t\t\t<\/div>\n\t\t","protected":false},"excerpt":{"rendered":"<p>Les vers intestinaux repr\u00e9sentent une menace s\u00e9rieuse pour les poules, provoquant une diminution de la ponte, un affaiblissement et m\u00eame la mortalit\u00e9. C&rsquo;est pourquoi notre \u00e9quipe de chercheurs a mis au point VERMI&rsquo;O&rsquo;PLANTES. Cette solution innovante permet aux poules d&rsquo;\u00e9liminer efficacement les vers intestinaux. VERMI&rsquo;O&rsquo;PLANTES est d\u2019une grande simplicit\u00e9 d\u2019utilisation et enti\u00e8rement naturel, permettant ainsi une consommation imm\u00e9diate des \u0153ufs. Mode d&#8217;emploi : Utilisez 1 dosette pour 3 poules par litre d&rsquo;eau, \u00e0 renouveler pendant 5 jours. Pour une efficacit\u00e9 maximale, il est recommand\u00e9 de le faire 4 fois par an. fiche technique vermi&rsquo;o&rsquo;plantes<\/p>\n","protected":false},"author":1,"featured_media":0,"parent":0,"menu_order":0,"comment_status":"closed","ping_status":"closed","template":"elementor_header_footer","meta":{"footnotes":""},"class_list":["post-198","page","type-page","status-publish","hentry"],"_links":{"self":[{"href":"https:\/\/animalgeo.fr\/index.php\/wp-json\/wp\/v2\/pages\/198","targetHints":{"allow":["GET"]}}],"collection":[{"href":"https:\/\/animalgeo.fr\/index.php\/wp-json\/wp\/v2\/pages"}],"about":[{"href":"https:\/\/animalgeo.fr\/index.php\/wp-json\/wp\/v2\/types\/page"}],"author":[{"embeddable":true,"href":"https:\/\/animalgeo.fr\/index.php\/wp-json\/wp\/v2\/users\/1"}],"replies":[{"embeddable":true,"href":"https:\/\/animalgeo.fr\/index.php\/wp-json\/wp\/v2\/comments?post=198"}],"version-history":[{"count":20,"href":"https:\/\/animalgeo.fr\/index.php\/wp-json\/wp\/v2\/pages\/198\/revisions"}],"predecessor-version":[{"id":390,"href":"https:\/\/animalgeo.fr\/index.php\/wp-json\/wp\/v2\/pages\/198\/revisions\/390"}],"wp:attachment":[{"href":"https:\/\/animalgeo.fr\/index.php\/wp-json\/wp\/v2\/media?parent=198"}],"curies":[{"name":"wp","href":"https:\/\/api.w.org\/{rel}","templated":true}]}}