{"id":217,"date":"2024-05-06T09:15:24","date_gmt":"2024-05-06T07:15:24","guid":{"rendered":"http:\/\/mzzblwt.cluster029.hosting.ovh.net\/?page_id=217"},"modified":"2025-09-14T10:04:45","modified_gmt":"2025-09-14T08:04:45","slug":"elementor-217","status":"publish","type":"page","link":"https:\/\/animalgeo.fr\/index.php\/elementor-217\/","title":{"rendered":"les petits plaisirs de G\u00e9g\u00e9"},"content":{"rendered":"\t\t<div data-elementor-type=\"wp-page\" data-elementor-id=\"217\" class=\"elementor elementor-217\">\n\t\t\t\t<div class=\"elementor-element elementor-element-3c42b3c e-flex e-con-boxed wpr-particle-no wpr-jarallax-no wpr-parallax-no wpr-sticky-section-no wpr-equal-height-no e-con e-parent\" data-id=\"3c42b3c\" data-element_type=\"container\">\n\t\t\t\t\t<div class=\"e-con-inner\">\n\t\t\t\t<div class=\"elementor-element elementor-element-4634a8b elementor-widget elementor-widget-text-editor\" data-id=\"4634a8b\" data-element_type=\"widget\" data-widget_type=\"text-editor.default\">\n\t\t\t\t<div class=\"elementor-widget-container\">\n\t\t\t<style>\/*! elementor - v3.21.0 - 26-05-2024 *\/\n.elementor-widget-text-editor.elementor-drop-cap-view-stacked .elementor-drop-cap{background-color:#69727d;color:#fff}.elementor-widget-text-editor.elementor-drop-cap-view-framed .elementor-drop-cap{color:#69727d;border:3px solid;background-color:transparent}.elementor-widget-text-editor:not(.elementor-drop-cap-view-default) .elementor-drop-cap{margin-top:8px}.elementor-widget-text-editor:not(.elementor-drop-cap-view-default) .elementor-drop-cap-letter{width:1em;height:1em}.elementor-widget-text-editor .elementor-drop-cap{float:left;text-align:center;line-height:1;font-size:50px}.elementor-widget-text-editor .elementor-drop-cap-letter{display:inline-block}<\/style>\t\t\t\t<p><strong>LES PETITS PLAISIRS DE GEGE<\/strong>\u00a0sont n\u00e9 de la volont\u00e9 d&rsquo;apporter des produits de grande qualit\u00e9, et adapt\u00e9 aux diff\u00e9rents animaux, tout en prenant en compte l&rsquo;impact sur l&rsquo;environnement.<\/p><p>Nos <strong>vers s\u00e9ch\u00e9s<\/strong> sont tous enrichis en <strong>algues de Bretagne <\/strong>(apport en calcium ), et nos <strong>friandises<\/strong> pour <strong>rongeurs<\/strong> sont n\u00e9s de la volont\u00e9 de recycler les <strong>invendus <\/strong>des grandes surfaces alimentaires.<\/p>\t\t\t\t\t\t<\/div>\n\t\t\t\t<\/div>\n\t\t\t\t\t<\/div>\n\t\t\t\t<\/div>\n\t\t<div class=\"elementor-element elementor-element-d340602 e-con-full e-flex wpr-particle-no wpr-jarallax-no wpr-parallax-no wpr-sticky-section-no wpr-equal-height-no e-con e-parent\" data-id=\"d340602\" data-element_type=\"container\">\n\t\t\t\t<div class=\"elementor-element elementor-element-79bfc07 elementor-widget__width-initial elementor-arrows-position-inside elementor-pagination-position-outside elementor-widget elementor-widget-image-carousel\" data-id=\"79bfc07\" data-element_type=\"widget\" data-settings=\"{&quot;navigation&quot;:&quot;both&quot;,&quot;autoplay&quot;:&quot;yes&quot;,&quot;pause_on_hover&quot;:&quot;yes&quot;,&quot;pause_on_interaction&quot;:&quot;yes&quot;,&quot;autoplay_speed&quot;:5000,&quot;infinite&quot;:&quot;yes&quot;,&quot;speed&quot;:500}\" data-widget_type=\"image-carousel.default\">\n\t\t\t\t<div class=\"elementor-widget-container\">\n\t\t\t<style>\/*! elementor - v3.21.0 - 26-05-2024 *\/\n.elementor-widget-image-carousel .swiper,.elementor-widget-image-carousel .swiper-container{position:static}.elementor-widget-image-carousel .swiper-container .swiper-slide figure,.elementor-widget-image-carousel .swiper .swiper-slide figure{line-height:inherit}.elementor-widget-image-carousel .swiper-slide{text-align:center}.elementor-image-carousel-wrapper:not(.swiper-container-initialized):not(.swiper-initialized) .swiper-slide{max-width:calc(100% \/ var(--e-image-carousel-slides-to-show, 3))}<\/style>            <div class=\"elementor-image-carousel-wrapper swiper\" dir=\"ltr\">\n                <div class=\"elementor-image-carousel swiper-wrapper\" aria-live=\"off\">\n\t\t\t\t\t\t\t\t\t\t<div class=\"swiper-slide\"><figure class=\"swiper-slide-inner\"><img decoding=\"async\" class=\"swiper-slide-image\" src=\"https:\/\/animalgeo.fr\/wp-content\/uploads\/2024\/05\/fabrication-des-legumes-300x212.jpg\" alt=\"fabrication des l\u00e9gumes\" \/><\/figure><\/div><div class=\"swiper-slide\"><figure class=\"swiper-slide-inner\"><img decoding=\"async\" class=\"swiper-slide-image\" src=\"https:\/\/animalgeo.fr\/wp-content\/uploads\/2025\/09\/insect-500-grs-3760269322394-13-x-7-vernon-300x162.png\" alt=\"insect 500 grs 3760269322394 13 x 7 vernon\" \/><\/figure><\/div><div class=\"swiper-slide\"><figure class=\"swiper-slide-inner\"><img decoding=\"async\" class=\"swiper-slide-image\" src=\"https:\/\/animalgeo.fr\/wp-content\/uploads\/2025\/09\/mix-legumes-300-Grs-186x300.jpg\" alt=\"mix l\u00e9gumes 300 Grs\" \/><\/figure><\/div><div class=\"swiper-slide\"><figure class=\"swiper-slide-inner\"><img decoding=\"async\" class=\"swiper-slide-image\" src=\"https:\/\/animalgeo.fr\/wp-content\/uploads\/2025\/09\/ver-de-farine-aux-pommes-200x300.jpg\" alt=\"ver de farine aux pommes\" \/><\/figure><\/div>                <\/div>\n\t\t\t\t\t\t\t\t\t                        <div class=\"swiper-pagination\"><\/div>\n\t\t\t\t\t\t\t\t\t\t                        <div class=\"elementor-swiper-button elementor-swiper-button-prev\">\n                            <i class=\"eicon-chevron-left\" aria-hidden=\"true\"><\/i>\n                            <span class=\"elementor-screen-only\">Pr\u00e9c\u00e9dent<\/span>\n                        <\/div>\n                        <div class=\"elementor-swiper-button elementor-swiper-button-next\">\n                            <i class=\"eicon-chevron-right\" aria-hidden=\"true\"><\/i>\n                            <span class=\"elementor-screen-only\">Suivant<\/span>\n                        <\/div>\n\t\t\t\t\t\t\t\t\t            <\/div>\n\t\t\t\t\t<\/div>\n\t\t\t\t<\/div>\n\t\t\t\t<\/div>\n\t\t\t\t<\/div>\n\t\t","protected":false},"excerpt":{"rendered":"<p>LES PETITS PLAISIRS DE GEGE\u00a0sont n\u00e9 de la volont\u00e9 d&rsquo;apporter des produits de grande qualit\u00e9, et adapt\u00e9 aux diff\u00e9rents animaux, tout en prenant en compte l&rsquo;impact sur l&rsquo;environnement. Nos vers s\u00e9ch\u00e9s sont tous enrichis en algues de Bretagne (apport en calcium ), et nos friandises pour rongeurs sont n\u00e9s de la volont\u00e9 de recycler les invendus des grandes surfaces alimentaires. Pr\u00e9c\u00e9dent Suivant<\/p>\n","protected":false},"author":1,"featured_media":0,"parent":0,"menu_order":0,"comment_status":"closed","ping_status":"closed","template":"elementor_header_footer","meta":{"footnotes":""},"class_list":["post-217","page","type-page","status-publish","hentry"],"_links":{"self":[{"href":"https:\/\/animalgeo.fr\/index.php\/wp-json\/wp\/v2\/pages\/217","targetHints":{"allow":["GET"]}}],"collection":[{"href":"https:\/\/animalgeo.fr\/index.php\/wp-json\/wp\/v2\/pages"}],"about":[{"href":"https:\/\/animalgeo.fr\/index.php\/wp-json\/wp\/v2\/types\/page"}],"author":[{"embeddable":true,"href":"https:\/\/animalgeo.fr\/index.php\/wp-json\/wp\/v2\/users\/1"}],"replies":[{"embeddable":true,"href":"https:\/\/animalgeo.fr\/index.php\/wp-json\/wp\/v2\/comments?post=217"}],"version-history":[{"count":60,"href":"https:\/\/animalgeo.fr\/index.php\/wp-json\/wp\/v2\/pages\/217\/revisions"}],"predecessor-version":[{"id":586,"href":"https:\/\/animalgeo.fr\/index.php\/wp-json\/wp\/v2\/pages\/217\/revisions\/586"}],"wp:attachment":[{"href":"https:\/\/animalgeo.fr\/index.php\/wp-json\/wp\/v2\/media?parent=217"}],"curies":[{"name":"wp","href":"https:\/\/api.w.org\/{rel}","templated":true}]}}