{"id":295,"date":"2024-05-06T09:37:13","date_gmt":"2024-05-06T07:37:13","guid":{"rendered":"http:\/\/mzzblwt.cluster029.hosting.ovh.net\/?page_id=295"},"modified":"2025-09-14T10:00:49","modified_gmt":"2025-09-14T08:00:49","slug":"elementor-295","status":"publish","type":"page","link":"https:\/\/animalgeo.fr\/index.php\/elementor-295\/","title":{"rendered":"VERS SECHES AUX ALGUES DE BRETAGNES"},"content":{"rendered":"\t\t<div data-elementor-type=\"wp-page\" data-elementor-id=\"295\" class=\"elementor elementor-295\">\n\t\t\t\t<div class=\"elementor-element elementor-element-a05383d e-flex e-con-boxed wpr-particle-no wpr-jarallax-no wpr-parallax-no wpr-sticky-section-no wpr-equal-height-no e-con e-parent\" data-id=\"a05383d\" data-element_type=\"container\">\n\t\t\t\t\t<div class=\"e-con-inner\">\n\t\t\t\t<div class=\"elementor-element elementor-element-6fdcf16 elementor-widget elementor-widget-text-editor\" data-id=\"6fdcf16\" data-element_type=\"widget\" data-widget_type=\"text-editor.default\">\n\t\t\t\t<div class=\"elementor-widget-container\">\n\t\t\t<style>\/*! elementor - v3.21.0 - 26-05-2024 *\/\n.elementor-widget-text-editor.elementor-drop-cap-view-stacked .elementor-drop-cap{background-color:#69727d;color:#fff}.elementor-widget-text-editor.elementor-drop-cap-view-framed .elementor-drop-cap{color:#69727d;border:3px solid;background-color:transparent}.elementor-widget-text-editor:not(.elementor-drop-cap-view-default) .elementor-drop-cap{margin-top:8px}.elementor-widget-text-editor:not(.elementor-drop-cap-view-default) .elementor-drop-cap-letter{width:1em;height:1em}.elementor-widget-text-editor .elementor-drop-cap{float:left;text-align:center;line-height:1;font-size:50px}.elementor-widget-text-editor .elementor-drop-cap-letter{display:inline-block}<\/style>\t\t\t\t<p style=\"text-align: center;\">Les <span style=\"color: #993300;\"><strong>VERS SECHES<\/strong><\/span> aux <strong><span style=\"color: #993300;\">ALGUES de BRETAGNE<\/span><\/strong> (poudre blanche) sont enrichis afin d&rsquo;apporter aux animaux une source rapide de calcium et d&rsquo;oligo\u00e9l\u00e9ments directement assimilable par l&rsquo;organisme.<\/p><p style=\"text-align: center;\">Nos m\u00e9langes sont produits en France et contr\u00f4l\u00e9 par un laboratoire ind\u00e9pendant afin de garantir un niveau de qualit\u00e9 sup\u00e9rieur.<\/p><p style=\"text-align: center;\">Les vers s\u00e9ch\u00e9s sont aussi un apport en <strong>prot\u00e9ines<\/strong>, en <strong>graisses<\/strong>, en <strong>acide laurique<\/strong> et en <strong>phospore<\/strong>.<\/p>\t\t\t\t\t\t<\/div>\n\t\t\t\t<\/div>\n\t\t\t\t\t<\/div>\n\t\t\t\t<\/div>\n\t\t<div class=\"elementor-element elementor-element-fbbbb45 e-con-full e-flex wpr-particle-no wpr-jarallax-no wpr-parallax-no wpr-sticky-section-no wpr-equal-height-no e-con e-parent\" data-id=\"fbbbb45\" data-element_type=\"container\">\n\t\t\t\t<div class=\"elementor-element elementor-element-8c05992 elementor-widget elementor-widget-image\" data-id=\"8c05992\" data-element_type=\"widget\" data-widget_type=\"image.default\">\n\t\t\t\t<div class=\"elementor-widget-container\">\n\t\t\t<style>\/*! elementor - v3.21.0 - 26-05-2024 *\/\n.elementor-widget-image{text-align:center}.elementor-widget-image a{display:inline-block}.elementor-widget-image a img[src$=\".svg\"]{width:48px}.elementor-widget-image img{vertical-align:middle;display:inline-block}<\/style>\t\t\t\t\t\t\t\t\t\t\t<a href=\"https:\/\/animalgeo.fr\/wp-content\/uploads\/2025\/09\/insect-500-grs-3760269322394-13-x-7-vernon.png\" data-elementor-open-lightbox=\"yes\" data-elementor-lightbox-title=\"insect 500 grs 3760269322394 13 x 7 vernon\" data-e-action-hash=\"#elementor-action%3Aaction%3Dlightbox%26settings%3DeyJpZCI6NTc3LCJ1cmwiOiJodHRwczpcL1wvYW5pbWFsZ2VvLmZyXC93cC1jb250ZW50XC91cGxvYWRzXC8yMDI1XC8wOVwvaW5zZWN0LTUwMC1ncnMtMzc2MDI2OTMyMjM5NC0xMy14LTctdmVybm9uLnBuZyJ9\">\n\t\t\t\t\t\t\t<img fetchpriority=\"high\" decoding=\"async\" width=\"1024\" height=\"552\" src=\"https:\/\/animalgeo.fr\/wp-content\/uploads\/2025\/09\/insect-500-grs-3760269322394-13-x-7-vernon-1024x552.png\" class=\"attachment-large size-large wp-image-577\" alt=\"\" srcset=\"https:\/\/animalgeo.fr\/wp-content\/uploads\/2025\/09\/insect-500-grs-3760269322394-13-x-7-vernon-1024x552.png 1024w, https:\/\/animalgeo.fr\/wp-content\/uploads\/2025\/09\/insect-500-grs-3760269322394-13-x-7-vernon-300x162.png 300w, https:\/\/animalgeo.fr\/wp-content\/uploads\/2025\/09\/insect-500-grs-3760269322394-13-x-7-vernon-768x414.png 768w, https:\/\/animalgeo.fr\/wp-content\/uploads\/2025\/09\/insect-500-grs-3760269322394-13-x-7-vernon.png 1535w\" sizes=\"(max-width: 1024px) 100vw, 1024px\" \/>\t\t\t\t\t\t\t\t<\/a>\n\t\t\t\t\t\t\t\t\t\t\t\t\t<\/div>\n\t\t\t\t<\/div>\n\t\t\t\t<\/div>\n\t\t<div class=\"elementor-element elementor-element-97f5571 e-flex e-con-boxed wpr-particle-no wpr-jarallax-no wpr-parallax-no wpr-sticky-section-no wpr-equal-height-no e-con e-parent\" data-id=\"97f5571\" data-element_type=\"container\">\n\t\t\t\t\t<div class=\"e-con-inner\">\n\t\t\t\t<div class=\"elementor-element elementor-element-5426d3b elementor-widget elementor-widget-text-editor\" data-id=\"5426d3b\" data-element_type=\"widget\" data-widget_type=\"text-editor.default\">\n\t\t\t\t<div class=\"elementor-widget-container\">\n\t\t\t\t\t\t\t<p style=\"text-align: center;\">Les <span style=\"color: #993300;\"><strong>VERS SECHES<\/strong><\/span> aux <span style=\"color: #993300;\"><strong>ALGUES de BRETAGNE<\/strong><\/span> existe en deux conditionnement 500 Grammes et en 1 Kilogramme.<\/p>\t\t\t\t\t\t<\/div>\n\t\t\t\t<\/div>\n\t\t\t\t\t<\/div>\n\t\t\t\t<\/div>\n\t\t\t\t<\/div>\n\t\t","protected":false},"excerpt":{"rendered":"<p>Les VERS SECHES aux ALGUES de BRETAGNE (poudre blanche) sont enrichis afin d&rsquo;apporter aux animaux une source rapide de calcium et d&rsquo;oligo\u00e9l\u00e9ments directement assimilable par l&rsquo;organisme. Nos m\u00e9langes sont produits en France et contr\u00f4l\u00e9 par un laboratoire ind\u00e9pendant afin de garantir un niveau de qualit\u00e9 sup\u00e9rieur. Les vers s\u00e9ch\u00e9s sont aussi un apport en prot\u00e9ines, en graisses, en acide laurique et en phospore. Les VERS SECHES aux ALGUES de BRETAGNE existe en deux conditionnement 500 Grammes et en 1 Kilogramme.<\/p>\n","protected":false},"author":1,"featured_media":0,"parent":0,"menu_order":0,"comment_status":"closed","ping_status":"closed","template":"elementor_header_footer","meta":{"footnotes":""},"class_list":["post-295","page","type-page","status-publish","hentry"],"_links":{"self":[{"href":"https:\/\/animalgeo.fr\/index.php\/wp-json\/wp\/v2\/pages\/295","targetHints":{"allow":["GET"]}}],"collection":[{"href":"https:\/\/animalgeo.fr\/index.php\/wp-json\/wp\/v2\/pages"}],"about":[{"href":"https:\/\/animalgeo.fr\/index.php\/wp-json\/wp\/v2\/types\/page"}],"author":[{"embeddable":true,"href":"https:\/\/animalgeo.fr\/index.php\/wp-json\/wp\/v2\/users\/1"}],"replies":[{"embeddable":true,"href":"https:\/\/animalgeo.fr\/index.php\/wp-json\/wp\/v2\/comments?post=295"}],"version-history":[{"count":23,"href":"https:\/\/animalgeo.fr\/index.php\/wp-json\/wp\/v2\/pages\/295\/revisions"}],"predecessor-version":[{"id":580,"href":"https:\/\/animalgeo.fr\/index.php\/wp-json\/wp\/v2\/pages\/295\/revisions\/580"}],"wp:attachment":[{"href":"https:\/\/animalgeo.fr\/index.php\/wp-json\/wp\/v2\/media?parent=295"}],"curies":[{"name":"wp","href":"https:\/\/api.w.org\/{rel}","templated":true}]}}