{"id":391,"date":"2024-05-12T09:35:22","date_gmt":"2024-05-12T07:35:22","guid":{"rendered":"http:\/\/mzzblwt.cluster029.hosting.ovh.net\/?page_id=391"},"modified":"2024-05-12T17:18:28","modified_gmt":"2024-05-12T15:18:28","slug":"phytostop-poux-rouges","status":"publish","type":"page","link":"https:\/\/animalgeo.fr\/index.php\/phytostop-poux-rouges\/","title":{"rendered":"phyt&rsquo;o&rsquo;stop poux rouges"},"content":{"rendered":"\t\t<div data-elementor-type=\"wp-page\" data-elementor-id=\"391\" class=\"elementor elementor-391\">\n\t\t\t\t<div class=\"elementor-element elementor-element-6654b966 e-flex e-con-boxed wpr-particle-no wpr-jarallax-no wpr-parallax-no wpr-sticky-section-no wpr-equal-height-no e-con e-parent\" data-id=\"6654b966\" data-element_type=\"container\">\n\t\t\t\t\t<div class=\"e-con-inner\">\n\t\t\t\t<div class=\"elementor-element elementor-element-41c9013e elementor-widget elementor-widget-image\" data-id=\"41c9013e\" data-element_type=\"widget\" data-widget_type=\"image.default\">\n\t\t\t\t<div class=\"elementor-widget-container\">\n\t\t\t<style>\/*! elementor - v3.21.0 - 26-05-2024 *\/\n.elementor-widget-image{text-align:center}.elementor-widget-image a{display:inline-block}.elementor-widget-image a img[src$=\".svg\"]{width:48px}.elementor-widget-image img{vertical-align:middle;display:inline-block}<\/style>\t\t\t\t\t\t\t\t\t\t<img fetchpriority=\"high\" decoding=\"async\" width=\"946\" height=\"118\" src=\"https:\/\/animalgeo.fr\/wp-content\/uploads\/2024\/05\/phytostoppouxrouges.jpg\" class=\"attachment-large size-large wp-image-398\" alt=\"\" srcset=\"https:\/\/animalgeo.fr\/wp-content\/uploads\/2024\/05\/phytostoppouxrouges.jpg 946w, https:\/\/animalgeo.fr\/wp-content\/uploads\/2024\/05\/phytostoppouxrouges-300x37.jpg 300w, https:\/\/animalgeo.fr\/wp-content\/uploads\/2024\/05\/phytostoppouxrouges-768x96.jpg 768w\" sizes=\"(max-width: 946px) 100vw, 946px\" \/>\t\t\t\t\t\t\t\t\t\t\t\t\t<\/div>\n\t\t\t\t<\/div>\n\t\t\t\t\t<\/div>\n\t\t\t\t<\/div>\n\t\t<div class=\"elementor-element elementor-element-32b9f4d6 e-grid e-con-boxed wpr-particle-no wpr-jarallax-no wpr-parallax-no wpr-sticky-section-no wpr-equal-height-no e-con e-parent\" data-id=\"32b9f4d6\" data-element_type=\"container\">\n\t\t\t\t\t<div class=\"e-con-inner\">\n\t\t\t\t<div class=\"elementor-element elementor-element-3a3725d4 elementor-widget elementor-widget-image\" data-id=\"3a3725d4\" data-element_type=\"widget\" data-widget_type=\"image.default\">\n\t\t\t\t<div class=\"elementor-widget-container\">\n\t\t\t\t\t\t\t\t\t\t\t\t\t<img decoding=\"async\" width=\"1024\" height=\"1024\" src=\"https:\/\/animalgeo.fr\/wp-content\/uploads\/2024\/05\/pub-stop-poux-1-1024x1024.jpg\" class=\"attachment-large size-large wp-image-397\" alt=\"\" srcset=\"https:\/\/animalgeo.fr\/wp-content\/uploads\/2024\/05\/pub-stop-poux-1-1024x1024.jpg 1024w, https:\/\/animalgeo.fr\/wp-content\/uploads\/2024\/05\/pub-stop-poux-1-300x300.jpg 300w, https:\/\/animalgeo.fr\/wp-content\/uploads\/2024\/05\/pub-stop-poux-1-150x150.jpg 150w, https:\/\/animalgeo.fr\/wp-content\/uploads\/2024\/05\/pub-stop-poux-1-768x768.jpg 768w, https:\/\/animalgeo.fr\/wp-content\/uploads\/2024\/05\/pub-stop-poux-1-1536x1536.jpg 1536w, https:\/\/animalgeo.fr\/wp-content\/uploads\/2024\/05\/pub-stop-poux-1-2048x2048.jpg 2048w\" sizes=\"(max-width: 1024px) 100vw, 1024px\" \/>\t\t\t\t\t\t\t\t\t\t\t\t\t<\/div>\n\t\t\t\t<\/div>\n\t\t\t\t<div class=\"elementor-element elementor-element-3537b5ec elementor-widget elementor-widget-image\" data-id=\"3537b5ec\" data-element_type=\"widget\" data-widget_type=\"image.default\">\n\t\t\t\t<div class=\"elementor-widget-container\">\n\t\t\t\t\t\t\t\t\t\t\t\t\t<img decoding=\"async\" width=\"768\" height=\"1024\" src=\"https:\/\/animalgeo.fr\/wp-content\/uploads\/2024\/05\/phytostop-poux-rouges-2-kg-768x1024.png\" class=\"attachment-large size-large wp-image-399\" alt=\"\" srcset=\"https:\/\/animalgeo.fr\/wp-content\/uploads\/2024\/05\/phytostop-poux-rouges-2-kg-768x1024.png 768w, https:\/\/animalgeo.fr\/wp-content\/uploads\/2024\/05\/phytostop-poux-rouges-2-kg-225x300.png 225w, https:\/\/animalgeo.fr\/wp-content\/uploads\/2024\/05\/phytostop-poux-rouges-2-kg-1152x1536.png 1152w, https:\/\/animalgeo.fr\/wp-content\/uploads\/2024\/05\/phytostop-poux-rouges-2-kg.png 1500w\" sizes=\"(max-width: 768px) 100vw, 768px\" \/>\t\t\t\t\t\t\t\t\t\t\t\t\t<\/div>\n\t\t\t\t<\/div>\n\t\t\t\t<div class=\"elementor-element elementor-element-79b4c065 elementor-widget elementor-widget-image\" data-id=\"79b4c065\" data-element_type=\"widget\" data-widget_type=\"image.default\">\n\t\t\t\t<div class=\"elementor-widget-container\">\n\t\t\t\t\t\t\t\t\t\t\t\t\t<img loading=\"lazy\" decoding=\"async\" width=\"1024\" height=\"1024\" src=\"https:\/\/animalgeo.fr\/wp-content\/uploads\/2024\/05\/fabrique-en-france-1024x1024.png\" class=\"attachment-large size-large wp-image-78\" alt=\"\" srcset=\"https:\/\/animalgeo.fr\/wp-content\/uploads\/2024\/05\/fabrique-en-france-1024x1024.png 1024w, https:\/\/animalgeo.fr\/wp-content\/uploads\/2024\/05\/fabrique-en-france-300x300.png 300w, https:\/\/animalgeo.fr\/wp-content\/uploads\/2024\/05\/fabrique-en-france-150x150.png 150w, https:\/\/animalgeo.fr\/wp-content\/uploads\/2024\/05\/fabrique-en-france-768x768.png 768w, https:\/\/animalgeo.fr\/wp-content\/uploads\/2024\/05\/fabrique-en-france-1536x1536.png 1536w, https:\/\/animalgeo.fr\/wp-content\/uploads\/2024\/05\/fabrique-en-france-2048x2048.png 2048w\" sizes=\"(max-width: 1024px) 100vw, 1024px\" \/>\t\t\t\t\t\t\t\t\t\t\t\t\t<\/div>\n\t\t\t\t<\/div>\n\t\t\t\t\t<\/div>\n\t\t\t\t<\/div>\n\t\t<div class=\"elementor-element elementor-element-42d35608 e-flex e-con-boxed wpr-particle-no wpr-jarallax-no wpr-parallax-no wpr-sticky-section-no wpr-equal-height-no e-con e-parent\" data-id=\"42d35608\" data-element_type=\"container\">\n\t\t\t\t\t<div class=\"e-con-inner\">\n\t\t\t\t<div class=\"elementor-element elementor-element-3b0a4d47 elementor-widget elementor-widget-text-editor\" data-id=\"3b0a4d47\" data-element_type=\"widget\" data-widget_type=\"text-editor.default\">\n\t\t\t\t<div class=\"elementor-widget-container\">\n\t\t\t<style>\/*! elementor - v3.21.0 - 26-05-2024 *\/\n.elementor-widget-text-editor.elementor-drop-cap-view-stacked .elementor-drop-cap{background-color:#69727d;color:#fff}.elementor-widget-text-editor.elementor-drop-cap-view-framed .elementor-drop-cap{color:#69727d;border:3px solid;background-color:transparent}.elementor-widget-text-editor:not(.elementor-drop-cap-view-default) .elementor-drop-cap{margin-top:8px}.elementor-widget-text-editor:not(.elementor-drop-cap-view-default) .elementor-drop-cap-letter{width:1em;height:1em}.elementor-widget-text-editor .elementor-drop-cap{float:left;text-align:center;line-height:1;font-size:50px}.elementor-widget-text-editor .elementor-drop-cap-letter{display:inline-block}<\/style>\t\t\t\t<p style=\"text-align: center;\">Les <strong>poux rouges<\/strong> repr\u00e9sentent un v\u00e9ritable fl\u00e9au pour les poulaillers, entra\u00eenant une baisse significative de la ponte, l&rsquo;apathie des poules et, dans les pires cas, la <strong>mortalit\u00e9<\/strong>.<\/p><p style=\"text-align: center;\">Apr\u00e8s deux ann\u00e9es de recherche intensive, notre \u00e9quipe de chercheurs a d\u00e9velopp\u00e9 une solution novatrice : <strong><span style=\"color: #8b725e;\">PHYT&rsquo;O&rsquo;<\/span><span style=\"color: #ff0000;\">STOP POUX ROUGES<\/span><\/strong>. Ce produit <strong>naturel<\/strong>, rigoureusement test\u00e9, se distingue par sa formule <strong>non abrasive<\/strong>, adapt\u00e9e \u00e0 l&rsquo;<strong>agriculture biologique<\/strong>, agr\u00e9\u00e9e pour le contact <strong>alimentaire<\/strong>, et exempte de tout risque de <strong>silicose<\/strong>, contrairement \u00e0 la terre de diatom\u00e9e.<\/p><p style=\"text-align: center;\">Nos \u00e9tudes d\u00e9montrent une <strong>\u00e9limination<\/strong> efficace des poux rouges <strong>en moins d&rsquo;une heure<\/strong>.<\/p>\t\t\t\t\t\t<\/div>\n\t\t\t\t<\/div>\n\t\t\t\t\t<\/div>\n\t\t\t\t<\/div>\n\t\t<div class=\"elementor-element elementor-element-2e91c265 e-flex e-con-boxed wpr-particle-no wpr-jarallax-no wpr-parallax-no wpr-sticky-section-no wpr-equal-height-no e-con e-parent\" data-id=\"2e91c265\" data-element_type=\"container\">\n\t\t\t\t\t<div class=\"e-con-inner\">\n\t\t\t\t<div class=\"elementor-element elementor-element-55d4e579 elementor-widget elementor-widget-image\" data-id=\"55d4e579\" data-element_type=\"widget\" data-widget_type=\"image.default\">\n\t\t\t\t<div class=\"elementor-widget-container\">\n\t\t\t\t\t\t\t\t\t\t\t\t\t<img loading=\"lazy\" decoding=\"async\" width=\"300\" height=\"126\" src=\"https:\/\/animalgeo.fr\/wp-content\/uploads\/2024\/05\/calendrier-phytostop-poux-300x126.jpg\" class=\"attachment-medium size-medium wp-image-403\" alt=\"\" srcset=\"https:\/\/animalgeo.fr\/wp-content\/uploads\/2024\/05\/calendrier-phytostop-poux-300x126.jpg 300w, https:\/\/animalgeo.fr\/wp-content\/uploads\/2024\/05\/calendrier-phytostop-poux-768x321.jpg 768w, https:\/\/animalgeo.fr\/wp-content\/uploads\/2024\/05\/calendrier-phytostop-poux.jpg 949w\" sizes=\"(max-width: 300px) 100vw, 300px\" \/>\t\t\t\t\t\t\t\t\t\t\t\t\t<\/div>\n\t\t\t\t<\/div>\n\t\t\t\t\t<\/div>\n\t\t\t\t<\/div>\n\t\t<div class=\"elementor-element elementor-element-76e45455 e-flex e-con-boxed wpr-particle-no wpr-jarallax-no wpr-parallax-no wpr-sticky-section-no wpr-equal-height-no e-con e-parent\" data-id=\"76e45455\" data-element_type=\"container\">\n\t\t\t\t\t<div class=\"e-con-inner\">\n\t\t\t\t<div class=\"elementor-element elementor-element-24c05aa6 elementor-widget elementor-widget-text-editor\" data-id=\"24c05aa6\" data-element_type=\"widget\" data-widget_type=\"text-editor.default\">\n\t\t\t\t<div class=\"elementor-widget-container\">\n\t\t\t\t\t\t\t<p style=\"text-align: center;\"><span style=\"color: #ff6600;\"><b><span style=\"color: #8b725e;\">PHYT&rsquo;O&rsquo;<\/span><span style=\"color: #ff0000;\">STOP POUX ROUGES<\/span><\/b><\/span>\u00a0est d&rsquo;une grande simplicit\u00e9 d&rsquo;utilisation et enti\u00e8rement naturel, permettant ainsi une consommation <strong>imm\u00e9diate<\/strong> des<strong> \u0153ufs<\/strong>.<\/p><p style=\"text-align: center;\">Mode d&#8217;emploi : Pulv\u00e9risez \u00e0 raison de 10 g\/M2.<\/p><p style=\"text-align: center;\">Existe en 2 conditionnements :<\/p><p style=\"text-align: center;\"><strong>1 kg<\/strong> pour <strong>100 m2<\/strong> et <strong>2 kg<\/strong> pour <strong>200 M2<\/strong><\/p>\t\t\t\t\t\t<\/div>\n\t\t\t\t<\/div>\n\t\t\t\t\t<\/div>\n\t\t\t\t<\/div>\n\t\t<div class=\"elementor-element elementor-element-2e9e58d7 e-flex e-con-boxed wpr-particle-no wpr-jarallax-no wpr-parallax-no wpr-sticky-section-no wpr-equal-height-no e-con e-parent\" data-id=\"2e9e58d7\" data-element_type=\"container\">\n\t\t\t\t\t<div class=\"e-con-inner\">\n\t\t\t\t<div class=\"elementor-element elementor-element-25c4d56 elementor-button-info elementor-align-center elementor-widget elementor-widget-button\" data-id=\"25c4d56\" data-element_type=\"widget\" data-widget_type=\"button.default\">\n\t\t\t\t<div class=\"elementor-widget-container\">\n\t\t\t\t\t<div class=\"elementor-button-wrapper\">\n\t\t\t<a class=\"elementor-button elementor-button-link elementor-size-sm\" href=\"http:\/\/mzzblwt.cluster029.hosting.ovh.net\/wp-content\/uploads\/2024\/05\/fiche-tehcnique-PHYTOSTOP-POUX-ROUGES-scaled.jpg\">\n\t\t\t\t\t\t<span class=\"elementor-button-content-wrapper\">\n\t\t\t\t\t\t\t\t\t<span class=\"elementor-button-text\">fiche technique Phyt'o'stop poux rouges<\/span>\n\t\t\t\t\t<\/span>\n\t\t\t\t\t<\/a>\n\t\t<\/div>\n\t\t\t\t<\/div>\n\t\t\t\t<\/div>\n\t\t\t\t\t<\/div>\n\t\t\t\t<\/div>\n\t\t<div class=\"elementor-element elementor-element-2d17e6b0 e-grid e-con-boxed wpr-particle-no wpr-jarallax-no wpr-parallax-no wpr-sticky-section-no wpr-equal-height-no e-con e-parent\" data-id=\"2d17e6b0\" data-element_type=\"container\">\n\t\t\t\t\t<div class=\"e-con-inner\">\n\t\t\t\t<div class=\"elementor-element elementor-element-3280ec72 elementor-widget elementor-widget-image\" data-id=\"3280ec72\" data-element_type=\"widget\" data-widget_type=\"image.default\">\n\t\t\t\t<div class=\"elementor-widget-container\">\n\t\t\t\t\t\t\t\t\t\t\t\t\t<img loading=\"lazy\" decoding=\"async\" width=\"1024\" height=\"1024\" src=\"https:\/\/animalgeo.fr\/wp-content\/uploads\/2024\/05\/permet-conso-oefs-1024x1024.jpg\" class=\"attachment-large size-large wp-image-76\" alt=\"\" srcset=\"https:\/\/animalgeo.fr\/wp-content\/uploads\/2024\/05\/permet-conso-oefs-1024x1024.jpg 1024w, https:\/\/animalgeo.fr\/wp-content\/uploads\/2024\/05\/permet-conso-oefs-300x300.jpg 300w, https:\/\/animalgeo.fr\/wp-content\/uploads\/2024\/05\/permet-conso-oefs-150x150.jpg 150w, https:\/\/animalgeo.fr\/wp-content\/uploads\/2024\/05\/permet-conso-oefs-768x768.jpg 768w, https:\/\/animalgeo.fr\/wp-content\/uploads\/2024\/05\/permet-conso-oefs-1536x1536.jpg 1536w, https:\/\/animalgeo.fr\/wp-content\/uploads\/2024\/05\/permet-conso-oefs-2048x2048.jpg 2048w\" sizes=\"(max-width: 1024px) 100vw, 1024px\" \/>\t\t\t\t\t\t\t\t\t\t\t\t\t<\/div>\n\t\t\t\t<\/div>\n\t\t\t\t<div class=\"elementor-element elementor-element-1ca73c64 elementor-widget elementor-widget-image\" data-id=\"1ca73c64\" data-element_type=\"widget\" data-widget_type=\"image.default\">\n\t\t\t\t<div class=\"elementor-widget-container\">\n\t\t\t\t\t\t\t\t\t\t\t\t\t<img loading=\"lazy\" decoding=\"async\" width=\"1024\" height=\"1024\" src=\"https:\/\/animalgeo.fr\/wp-content\/uploads\/2024\/05\/consomation-deau-1024x1024.jpg\" class=\"attachment-large size-large wp-image-77\" alt=\"\" srcset=\"https:\/\/animalgeo.fr\/wp-content\/uploads\/2024\/05\/consomation-deau-1024x1024.jpg 1024w, https:\/\/animalgeo.fr\/wp-content\/uploads\/2024\/05\/consomation-deau-300x300.jpg 300w, https:\/\/animalgeo.fr\/wp-content\/uploads\/2024\/05\/consomation-deau-150x150.jpg 150w, https:\/\/animalgeo.fr\/wp-content\/uploads\/2024\/05\/consomation-deau-768x768.jpg 768w, https:\/\/animalgeo.fr\/wp-content\/uploads\/2024\/05\/consomation-deau-1536x1536.jpg 1536w, https:\/\/animalgeo.fr\/wp-content\/uploads\/2024\/05\/consomation-deau-2048x2048.jpg 2048w\" sizes=\"(max-width: 1024px) 100vw, 1024px\" \/>\t\t\t\t\t\t\t\t\t\t\t\t\t<\/div>\n\t\t\t\t<\/div>\n\t\t\t\t<div class=\"elementor-element elementor-element-5d3b14ad elementor-widget elementor-widget-image\" data-id=\"5d3b14ad\" data-element_type=\"widget\" data-widget_type=\"image.default\">\n\t\t\t\t<div class=\"elementor-widget-container\">\n\t\t\t\t\t\t\t\t\t\t\t\t\t<img loading=\"lazy\" decoding=\"async\" width=\"1024\" height=\"1024\" src=\"https:\/\/animalgeo.fr\/wp-content\/uploads\/2024\/05\/efficas-1024x1024.jpg\" class=\"attachment-large size-large wp-image-75\" alt=\"\" srcset=\"https:\/\/animalgeo.fr\/wp-content\/uploads\/2024\/05\/efficas-1024x1024.jpg 1024w, https:\/\/animalgeo.fr\/wp-content\/uploads\/2024\/05\/efficas-300x300.jpg 300w, https:\/\/animalgeo.fr\/wp-content\/uploads\/2024\/05\/efficas-150x150.jpg 150w, https:\/\/animalgeo.fr\/wp-content\/uploads\/2024\/05\/efficas-768x768.jpg 768w, https:\/\/animalgeo.fr\/wp-content\/uploads\/2024\/05\/efficas-1536x1536.jpg 1536w, https:\/\/animalgeo.fr\/wp-content\/uploads\/2024\/05\/efficas-2048x2048.jpg 2048w\" sizes=\"(max-width: 1024px) 100vw, 1024px\" \/>\t\t\t\t\t\t\t\t\t\t\t\t\t<\/div>\n\t\t\t\t<\/div>\n\t\t\t\t<div class=\"elementor-element elementor-element-3c858943 elementor-widget elementor-widget-image\" data-id=\"3c858943\" data-element_type=\"widget\" data-widget_type=\"image.default\">\n\t\t\t\t<div class=\"elementor-widget-container\">\n\t\t\t\t\t\t\t\t\t\t\t\t\t<img loading=\"lazy\" decoding=\"async\" width=\"472\" height=\"472\" src=\"https:\/\/animalgeo.fr\/wp-content\/uploads\/2024\/05\/anti-poux.jpg\" class=\"attachment-large size-large wp-image-434\" alt=\"\" srcset=\"https:\/\/animalgeo.fr\/wp-content\/uploads\/2024\/05\/anti-poux.jpg 472w, https:\/\/animalgeo.fr\/wp-content\/uploads\/2024\/05\/anti-poux-300x300.jpg 300w, https:\/\/animalgeo.fr\/wp-content\/uploads\/2024\/05\/anti-poux-150x150.jpg 150w\" sizes=\"(max-width: 472px) 100vw, 472px\" \/>\t\t\t\t\t\t\t\t\t\t\t\t\t<\/div>\n\t\t\t\t<\/div>\n\t\t\t\t\t<\/div>\n\t\t\t\t<\/div>\n\t\t<div class=\"elementor-element elementor-element-42ade5a e-con-full e-flex wpr-particle-no wpr-jarallax-no wpr-parallax-no wpr-sticky-section-no wpr-equal-height-no e-con e-parent\" data-id=\"42ade5a\" data-element_type=\"container\">\n\t\t\t\t<div class=\"elementor-element elementor-element-76ea018 elementor-arrows-position-inside elementor-pagination-position-outside elementor-widget elementor-widget-image-carousel\" data-id=\"76ea018\" data-element_type=\"widget\" data-settings=\"{&quot;navigation&quot;:&quot;both&quot;,&quot;autoplay&quot;:&quot;yes&quot;,&quot;pause_on_hover&quot;:&quot;yes&quot;,&quot;pause_on_interaction&quot;:&quot;yes&quot;,&quot;autoplay_speed&quot;:5000,&quot;infinite&quot;:&quot;yes&quot;,&quot;speed&quot;:500}\" data-widget_type=\"image-carousel.default\">\n\t\t\t\t<div class=\"elementor-widget-container\">\n\t\t\t<style>\/*! elementor - v3.21.0 - 26-05-2024 *\/\n.elementor-widget-image-carousel .swiper,.elementor-widget-image-carousel .swiper-container{position:static}.elementor-widget-image-carousel .swiper-container .swiper-slide figure,.elementor-widget-image-carousel .swiper .swiper-slide figure{line-height:inherit}.elementor-widget-image-carousel .swiper-slide{text-align:center}.elementor-image-carousel-wrapper:not(.swiper-container-initialized):not(.swiper-initialized) .swiper-slide{max-width:calc(100% \/ var(--e-image-carousel-slides-to-show, 3))}<\/style>            <div class=\"elementor-image-carousel-wrapper swiper\" dir=\"ltr\">\n                <div class=\"elementor-image-carousel swiper-wrapper\" aria-live=\"off\">\n\t\t\t\t\t\t\t\t\t\t<div class=\"swiper-slide\"><a data-elementor-open-lightbox=\"yes\" data-elementor-lightbox-slideshow=\"76ea018\" data-elementor-lightbox-title=\"phyt&#039;o&#039;stop poux 1 kg\" data-e-action-hash=\"#elementor-action%3Aaction%3Dlightbox%26settings%3DeyJpZCI6NDIzLCJ1cmwiOiJodHRwczpcL1wvYW5pbWFsZ2VvLmZyXC93cC1jb250ZW50XC91cGxvYWRzXC8yMDI0XC8wNVwvcGh5dG9zdG9wLXBvdXgtMS1rZy5wbmciLCJzbGlkZXNob3ciOiI3NmVhMDE4In0%3D\" href=\"https:\/\/animalgeo.fr\/wp-content\/uploads\/2024\/05\/phytostop-poux-1-kg.png\"><figure class=\"swiper-slide-inner\"><img decoding=\"async\" class=\"swiper-slide-image\" src=\"https:\/\/animalgeo.fr\/wp-content\/uploads\/2024\/05\/phytostop-poux-1-kg-150x150.png\" alt=\"phyt&#039;o&#039;stop poux 1 kg\" \/><\/figure><\/a><\/div><div class=\"swiper-slide\"><a data-elementor-open-lightbox=\"yes\" data-elementor-lightbox-slideshow=\"76ea018\" data-elementor-lightbox-title=\"poudre phyt&#039;o&#039;stop poux\" data-e-action-hash=\"#elementor-action%3Aaction%3Dlightbox%26settings%3DeyJpZCI6NDIyLCJ1cmwiOiJodHRwczpcL1wvYW5pbWFsZ2VvLmZyXC93cC1jb250ZW50XC91cGxvYWRzXC8yMDI0XC8wNVwvcG91ZHJlLXBoeXRvc3RvcC1wb3V4LnBuZyIsInNsaWRlc2hvdyI6Ijc2ZWEwMTgifQ%3D%3D\" href=\"https:\/\/animalgeo.fr\/wp-content\/uploads\/2024\/05\/poudre-phytostop-poux.png\"><figure class=\"swiper-slide-inner\"><img decoding=\"async\" class=\"swiper-slide-image\" src=\"https:\/\/animalgeo.fr\/wp-content\/uploads\/2024\/05\/poudre-phytostop-poux-150x150.png\" alt=\"poudre phyt&#039;o&#039;stop poux\" \/><\/figure><\/a><\/div><div class=\"swiper-slide\"><a data-elementor-open-lightbox=\"yes\" data-elementor-lightbox-slideshow=\"76ea018\" data-elementor-lightbox-title=\"phyt&#039;o&#039;stop poux rouges 2 kg\" data-e-action-hash=\"#elementor-action%3Aaction%3Dlightbox%26settings%3DeyJpZCI6Mzk5LCJ1cmwiOiJodHRwczpcL1wvYW5pbWFsZ2VvLmZyXC93cC1jb250ZW50XC91cGxvYWRzXC8yMDI0XC8wNVwvcGh5dG9zdG9wLXBvdXgtcm91Z2VzLTIta2cucG5nIiwic2xpZGVzaG93IjoiNzZlYTAxOCJ9\" href=\"https:\/\/animalgeo.fr\/wp-content\/uploads\/2024\/05\/phytostop-poux-rouges-2-kg.png\"><figure class=\"swiper-slide-inner\"><img decoding=\"async\" class=\"swiper-slide-image\" src=\"https:\/\/animalgeo.fr\/wp-content\/uploads\/2024\/05\/phytostop-poux-rouges-2-kg-150x150.png\" alt=\"phyt&#039;o&#039;stop poux rouges 2 kg\" \/><\/figure><\/a><\/div>                <\/div>\n\t\t\t\t\t\t\t\t\t                        <div class=\"swiper-pagination\"><\/div>\n\t\t\t\t\t\t\t\t\t\t                        <div class=\"elementor-swiper-button elementor-swiper-button-prev\">\n                            <i class=\"eicon-chevron-left\" aria-hidden=\"true\"><\/i>\n                            <span class=\"elementor-screen-only\">Pr\u00e9c\u00e9dent<\/span>\n                        <\/div>\n                        <div class=\"elementor-swiper-button elementor-swiper-button-next\">\n                            <i class=\"eicon-chevron-right\" aria-hidden=\"true\"><\/i>\n                            <span class=\"elementor-screen-only\">Suivant<\/span>\n                        <\/div>\n\t\t\t\t\t\t\t\t\t            <\/div>\n\t\t\t\t\t<\/div>\n\t\t\t\t<\/div>\n\t\t\t\t<\/div>\n\t\t\t\t<\/div>\n\t\t","protected":false},"excerpt":{"rendered":"<p>Les poux rouges repr\u00e9sentent un v\u00e9ritable fl\u00e9au pour les poulaillers, entra\u00eenant une baisse significative de la ponte, l&rsquo;apathie des poules et, dans les pires cas, la mortalit\u00e9. Apr\u00e8s deux ann\u00e9es de recherche intensive, notre \u00e9quipe de chercheurs a d\u00e9velopp\u00e9 une solution novatrice : PHYT&rsquo;O&rsquo;STOP POUX ROUGES. Ce produit naturel, rigoureusement test\u00e9, se distingue par sa formule non abrasive, adapt\u00e9e \u00e0 l&rsquo;agriculture biologique, agr\u00e9\u00e9e pour le contact alimentaire, et exempte de tout risque de silicose, contrairement \u00e0 la terre de diatom\u00e9e. Nos \u00e9tudes d\u00e9montrent une \u00e9limination efficace des poux rouges en moins d&rsquo;une heure. PHYT&rsquo;O&rsquo;STOP POUX ROUGES\u00a0est d&rsquo;une grande simplicit\u00e9 d&rsquo;utilisation et enti\u00e8rement naturel, permettant ainsi une consommation imm\u00e9diate des \u0153ufs. Mode d&#8217;emploi : Pulv\u00e9risez \u00e0 raison de 10 g\/M2. Existe en 2 conditionnements : 1 kg pour 100 m2 et 2 kg pour 200 M2 fiche technique Phyt&rsquo;o&rsquo;stop poux rouges Pr\u00e9c\u00e9dent Suivant<\/p>\n","protected":false},"author":1,"featured_media":0,"parent":0,"menu_order":0,"comment_status":"closed","ping_status":"closed","template":"elementor_header_footer","meta":{"footnotes":""},"class_list":["post-391","page","type-page","status-publish","hentry"],"_links":{"self":[{"href":"https:\/\/animalgeo.fr\/index.php\/wp-json\/wp\/v2\/pages\/391","targetHints":{"allow":["GET"]}}],"collection":[{"href":"https:\/\/animalgeo.fr\/index.php\/wp-json\/wp\/v2\/pages"}],"about":[{"href":"https:\/\/animalgeo.fr\/index.php\/wp-json\/wp\/v2\/types\/page"}],"author":[{"embeddable":true,"href":"https:\/\/animalgeo.fr\/index.php\/wp-json\/wp\/v2\/users\/1"}],"replies":[{"embeddable":true,"href":"https:\/\/animalgeo.fr\/index.php\/wp-json\/wp\/v2\/comments?post=391"}],"version-history":[{"count":50,"href":"https:\/\/animalgeo.fr\/index.php\/wp-json\/wp\/v2\/pages\/391\/revisions"}],"predecessor-version":[{"id":502,"href":"https:\/\/animalgeo.fr\/index.php\/wp-json\/wp\/v2\/pages\/391\/revisions\/502"}],"wp:attachment":[{"href":"https:\/\/animalgeo.fr\/index.php\/wp-json\/wp\/v2\/media?parent=391"}],"curies":[{"name":"wp","href":"https:\/\/api.w.org\/{rel}","templated":true}]}}