{"id":470,"date":"2024-05-12T16:53:45","date_gmt":"2024-05-12T14:53:45","guid":{"rendered":"http:\/\/mzzblwt.cluster029.hosting.ovh.net\/?page_id=470"},"modified":"2024-05-12T16:53:51","modified_gmt":"2024-05-12T14:53:51","slug":"soins-externes-basse-cour","status":"publish","type":"page","link":"https:\/\/animalgeo.fr\/index.php\/soins-externes-basse-cour\/","title":{"rendered":"SOINS EXTERNES BASSE-COUR"},"content":{"rendered":"\t\t<div data-elementor-type=\"wp-page\" data-elementor-id=\"470\" class=\"elementor elementor-470\">\n\t\t\t\t<div class=\"elementor-element elementor-element-7b055b81 e-flex e-con-boxed wpr-particle-no wpr-jarallax-no wpr-parallax-no wpr-sticky-section-no wpr-equal-height-no e-con e-parent\" data-id=\"7b055b81\" data-element_type=\"container\">\n\t\t\t\t\t<div class=\"e-con-inner\">\n\t\t\t\t<div class=\"elementor-element elementor-element-49e49525 elementor-widget elementor-widget-text-editor\" data-id=\"49e49525\" data-element_type=\"widget\" data-widget_type=\"text-editor.default\">\n\t\t\t\t<div class=\"elementor-widget-container\">\n\t\t\t<style>\/*! elementor - v3.21.0 - 26-05-2024 *\/\n.elementor-widget-text-editor.elementor-drop-cap-view-stacked .elementor-drop-cap{background-color:#69727d;color:#fff}.elementor-widget-text-editor.elementor-drop-cap-view-framed .elementor-drop-cap{color:#69727d;border:3px solid;background-color:transparent}.elementor-widget-text-editor:not(.elementor-drop-cap-view-default) .elementor-drop-cap{margin-top:8px}.elementor-widget-text-editor:not(.elementor-drop-cap-view-default) .elementor-drop-cap-letter{width:1em;height:1em}.elementor-widget-text-editor .elementor-drop-cap{float:left;text-align:center;line-height:1;font-size:50px}.elementor-widget-text-editor .elementor-drop-cap-letter{display:inline-block}<\/style>\t\t\t\t<p style=\"text-align: center;\"><strong>ANIMALGEO<\/strong> a con\u00e7u avec <strong>PHYT&rsquo;O&rsquo;GEO<\/strong> des soins externes naturels et efficaces, \u00e0 la pointe de l&rsquo;innovation tant en termes d&rsquo;efficacit\u00e9 que d&rsquo;\u00e9cologie.<\/p><p style=\"text-align: center;\">Ils sont fabriqu\u00e9s en <strong>France<\/strong> et r\u00e9pondent \u00e0 un cahier des <strong>charges strict<\/strong>.<\/p><p style=\"text-align: center;\">Ces produits sont utilis\u00e9s par les \u00e9leveurs et les v\u00e9t\u00e9rinaires.<\/p><p style=\"text-align: center;\">Ils sont faciles \u00e0 utiliser et <strong>\u00e9conomiques<\/strong>.<\/p>\t\t\t\t\t\t<\/div>\n\t\t\t\t<\/div>\n\t\t\t\t\t<\/div>\n\t\t\t\t<\/div>\n\t\t<div class=\"elementor-element elementor-element-2a0859e2 e-con-full e-flex wpr-particle-no wpr-jarallax-no wpr-parallax-no wpr-sticky-section-no wpr-equal-height-no e-con e-parent\" data-id=\"2a0859e2\" data-element_type=\"container\">\n\t\t\t\t<div class=\"elementor-element elementor-element-299e467b elementor-widget elementor-widget-image\" data-id=\"299e467b\" data-element_type=\"widget\" data-widget_type=\"image.default\">\n\t\t\t\t<div class=\"elementor-widget-container\">\n\t\t\t<style>\/*! elementor - v3.21.0 - 26-05-2024 *\/\n.elementor-widget-image{text-align:center}.elementor-widget-image a{display:inline-block}.elementor-widget-image a img[src$=\".svg\"]{width:48px}.elementor-widget-image img{vertical-align:middle;display:inline-block}<\/style>\t\t\t\t\t\t\t\t\t\t\t<a href=\"http:\/\/mzzblwt.cluster029.hosting.ovh.net\/wp-content\/uploads\/2024\/05\/fronton-phytogeo-basse-cour-scaled.jpg\" data-elementor-open-lightbox=\"yes\" data-elementor-lightbox-title=\"fronton phytogeo basse-cour\" data-e-action-hash=\"#elementor-action%3Aaction%3Dlightbox%26settings%3DeyJpZCI6NDYzLCJ1cmwiOiJodHRwczpcL1wvYW5pbWFsZ2VvLmZyXC93cC1jb250ZW50XC91cGxvYWRzXC8yMDI0XC8wNVwvZnJvbnRvbi1waHl0b2dlby1iYXNzZS1jb3VyLXNjYWxlZC5qcGcifQ%3D%3D\">\n\t\t\t\t\t\t\t<img fetchpriority=\"high\" decoding=\"async\" width=\"1024\" height=\"492\" src=\"https:\/\/animalgeo.fr\/wp-content\/uploads\/2024\/05\/fronton-phytogeo-basse-cour-1024x492.jpg\" class=\"attachment-large size-large wp-image-463\" alt=\"\" srcset=\"https:\/\/animalgeo.fr\/wp-content\/uploads\/2024\/05\/fronton-phytogeo-basse-cour-1024x492.jpg 1024w, https:\/\/animalgeo.fr\/wp-content\/uploads\/2024\/05\/fronton-phytogeo-basse-cour-300x144.jpg 300w, https:\/\/animalgeo.fr\/wp-content\/uploads\/2024\/05\/fronton-phytogeo-basse-cour-768x369.jpg 768w, https:\/\/animalgeo.fr\/wp-content\/uploads\/2024\/05\/fronton-phytogeo-basse-cour-1536x738.jpg 1536w, https:\/\/animalgeo.fr\/wp-content\/uploads\/2024\/05\/fronton-phytogeo-basse-cour-2048x984.jpg 2048w\" sizes=\"(max-width: 1024px) 100vw, 1024px\" \/>\t\t\t\t\t\t\t\t<\/a>\n\t\t\t\t\t\t\t\t\t\t\t\t\t<\/div>\n\t\t\t\t<\/div>\n\t\t\t\t<\/div>\n\t\t<div class=\"elementor-element elementor-element-3543fc73 e-flex e-con-boxed wpr-particle-no wpr-jarallax-no wpr-parallax-no wpr-sticky-section-no wpr-equal-height-no e-con e-parent\" data-id=\"3543fc73\" data-element_type=\"container\">\n\t\t\t\t\t<div class=\"e-con-inner\">\n\t\t\t\t<div class=\"elementor-element elementor-element-d769385 elementor-widget elementor-widget-text-editor\" data-id=\"d769385\" data-element_type=\"widget\" data-widget_type=\"text-editor.default\">\n\t\t\t\t<div class=\"elementor-widget-container\">\n\t\t\t\t\t\t\t<p style=\"text-align: center;\">Les soins <strong>PHYT&rsquo;O&rsquo;GEO<\/strong> sont disponibles dans les magasins sp\u00e9cialis\u00e9s.<\/p>\t\t\t\t\t\t<\/div>\n\t\t\t\t<\/div>\n\t\t\t\t\t<\/div>\n\t\t\t\t<\/div>\n\t\t\t\t<\/div>\n\t\t","protected":false},"excerpt":{"rendered":"<p>ANIMALGEO a con\u00e7u avec PHYT&rsquo;O&rsquo;GEO des soins externes naturels et efficaces, \u00e0 la pointe de l&rsquo;innovation tant en termes d&rsquo;efficacit\u00e9 que d&rsquo;\u00e9cologie. Ils sont fabriqu\u00e9s en France et r\u00e9pondent \u00e0 un cahier des charges strict. Ces produits sont utilis\u00e9s par les \u00e9leveurs et les v\u00e9t\u00e9rinaires. Ils sont faciles \u00e0 utiliser et \u00e9conomiques. Les soins PHYT&rsquo;O&rsquo;GEO sont disponibles dans les magasins sp\u00e9cialis\u00e9s.<\/p>\n","protected":false},"author":1,"featured_media":0,"parent":0,"menu_order":0,"comment_status":"closed","ping_status":"closed","template":"elementor_header_footer","meta":{"footnotes":""},"class_list":["post-470","page","type-page","status-publish","hentry"],"_links":{"self":[{"href":"https:\/\/animalgeo.fr\/index.php\/wp-json\/wp\/v2\/pages\/470","targetHints":{"allow":["GET"]}}],"collection":[{"href":"https:\/\/animalgeo.fr\/index.php\/wp-json\/wp\/v2\/pages"}],"about":[{"href":"https:\/\/animalgeo.fr\/index.php\/wp-json\/wp\/v2\/types\/page"}],"author":[{"embeddable":true,"href":"https:\/\/animalgeo.fr\/index.php\/wp-json\/wp\/v2\/users\/1"}],"replies":[{"embeddable":true,"href":"https:\/\/animalgeo.fr\/index.php\/wp-json\/wp\/v2\/comments?post=470"}],"version-history":[{"count":4,"href":"https:\/\/animalgeo.fr\/index.php\/wp-json\/wp\/v2\/pages\/470\/revisions"}],"predecessor-version":[{"id":474,"href":"https:\/\/animalgeo.fr\/index.php\/wp-json\/wp\/v2\/pages\/470\/revisions\/474"}],"wp:attachment":[{"href":"https:\/\/animalgeo.fr\/index.php\/wp-json\/wp\/v2\/media?parent=470"}],"curies":[{"name":"wp","href":"https:\/\/api.w.org\/{rel}","templated":true}]}}