{"id":483,"date":"2024-05-12T17:08:29","date_gmt":"2024-05-12T15:08:29","guid":{"rendered":"http:\/\/mzzblwt.cluster029.hosting.ovh.net\/?page_id=483"},"modified":"2024-05-12T17:15:09","modified_gmt":"2024-05-12T15:15:09","slug":"phytogeo","status":"publish","type":"page","link":"https:\/\/animalgeo.fr\/index.php\/phytogeo\/","title":{"rendered":"PHYT&rsquo;O&rsquo;GEO"},"content":{"rendered":"\t\t<div data-elementor-type=\"wp-page\" data-elementor-id=\"483\" class=\"elementor elementor-483\">\n\t\t\t\t<div class=\"elementor-element elementor-element-44bb4b6f e-flex e-con-boxed wpr-particle-no wpr-jarallax-no wpr-parallax-no wpr-sticky-section-no wpr-equal-height-no e-con e-parent\" data-id=\"44bb4b6f\" data-element_type=\"container\">\n\t\t\t\t\t<div class=\"e-con-inner\">\n\t\t\t\t<div class=\"elementor-element elementor-element-17002fb1 elementor-widget elementor-widget-text-editor\" data-id=\"17002fb1\" data-element_type=\"widget\" data-widget_type=\"text-editor.default\">\n\t\t\t\t<div class=\"elementor-widget-container\">\n\t\t\t<style>\/*! elementor - v3.21.0 - 26-05-2024 *\/\n.elementor-widget-text-editor.elementor-drop-cap-view-stacked .elementor-drop-cap{background-color:#69727d;color:#fff}.elementor-widget-text-editor.elementor-drop-cap-view-framed .elementor-drop-cap{color:#69727d;border:3px solid;background-color:transparent}.elementor-widget-text-editor:not(.elementor-drop-cap-view-default) .elementor-drop-cap{margin-top:8px}.elementor-widget-text-editor:not(.elementor-drop-cap-view-default) .elementor-drop-cap-letter{width:1em;height:1em}.elementor-widget-text-editor .elementor-drop-cap{float:left;text-align:center;line-height:1;font-size:50px}.elementor-widget-text-editor .elementor-drop-cap-letter{display:inline-block}<\/style>\t\t\t\t<p style=\"text-align: center;\"><strong>ANIMALGEO<\/strong> a con\u00e7u avec <strong>PHYT&rsquo;O&rsquo;GEO<\/strong> des soins naturels et efficaces, \u00e0 la pointe de l&rsquo;innovation tant en termes d&rsquo;efficacit\u00e9 que d&rsquo;\u00e9cologie.<\/p><p style=\"text-align: center;\">Ils sont fabriqu\u00e9s en <strong>France<\/strong> et r\u00e9pondent \u00e0 un cahier des <strong>charges strict<\/strong>.<\/p><p style=\"text-align: center;\">Ils sont adapt\u00e9s \u00e0 une utilisation sur les animaux de<strong> basse-cour<\/strong>, ainsi que sur les <strong>chiens<\/strong>, les <strong>chats<\/strong> et les <strong>chevaux<\/strong>.<\/p><p style=\"text-align: center;\">Ces produits sont utilis\u00e9s par les \u00e9leveurs et les v\u00e9t\u00e9rinaires.<\/p><p style=\"text-align: center;\">Ils sont faciles \u00e0 utiliser et <strong>\u00e9conomiques<\/strong>.<\/p>\t\t\t\t\t\t<\/div>\n\t\t\t\t<\/div>\n\t\t\t\t\t<\/div>\n\t\t\t\t<\/div>\n\t\t<div class=\"elementor-element elementor-element-277e94c7 e-flex e-con-boxed wpr-particle-no wpr-jarallax-no wpr-parallax-no wpr-sticky-section-no wpr-equal-height-no e-con e-parent\" data-id=\"277e94c7\" data-element_type=\"container\">\n\t\t\t\t\t<div class=\"e-con-inner\">\n\t\t\t\t<div class=\"elementor-element elementor-element-756f5ca3 elementor-widget elementor-widget-text-editor\" data-id=\"756f5ca3\" data-element_type=\"widget\" data-widget_type=\"text-editor.default\">\n\t\t\t\t<div class=\"elementor-widget-container\">\n\t\t\t\t\t\t\t<p style=\"text-align: center;\">Les soins <strong>PHYT&rsquo;O&rsquo;GEO<\/strong> sont disponibles dans les magasins sp\u00e9cialis\u00e9s.<\/p>\t\t\t\t\t\t<\/div>\n\t\t\t\t<\/div>\n\t\t\t\t\t<\/div>\n\t\t\t\t<\/div>\n\t\t<div class=\"elementor-element elementor-element-fd4856d e-flex e-con-boxed wpr-particle-no wpr-jarallax-no wpr-parallax-no wpr-sticky-section-no wpr-equal-height-no e-con e-parent\" data-id=\"fd4856d\" data-element_type=\"container\">\n\t\t\t\t\t<div class=\"e-con-inner\">\n\t\t\t\t<div class=\"elementor-element elementor-element-a4cd15e elementor-widget__width-initial elementor-arrows-position-inside elementor-pagination-position-outside elementor-widget elementor-widget-image-carousel\" data-id=\"a4cd15e\" data-element_type=\"widget\" data-settings=\"{&quot;navigation&quot;:&quot;both&quot;,&quot;autoplay&quot;:&quot;yes&quot;,&quot;pause_on_hover&quot;:&quot;yes&quot;,&quot;pause_on_interaction&quot;:&quot;yes&quot;,&quot;autoplay_speed&quot;:5000,&quot;infinite&quot;:&quot;yes&quot;,&quot;speed&quot;:500}\" data-widget_type=\"image-carousel.default\">\n\t\t\t\t<div class=\"elementor-widget-container\">\n\t\t\t<style>\/*! elementor - v3.21.0 - 26-05-2024 *\/\n.elementor-widget-image-carousel .swiper,.elementor-widget-image-carousel .swiper-container{position:static}.elementor-widget-image-carousel .swiper-container .swiper-slide figure,.elementor-widget-image-carousel .swiper .swiper-slide figure{line-height:inherit}.elementor-widget-image-carousel .swiper-slide{text-align:center}.elementor-image-carousel-wrapper:not(.swiper-container-initialized):not(.swiper-initialized) .swiper-slide{max-width:calc(100% \/ var(--e-image-carousel-slides-to-show, 3))}<\/style>            <div class=\"elementor-image-carousel-wrapper swiper\" dir=\"ltr\">\n                <div class=\"elementor-image-carousel swiper-wrapper\" aria-live=\"off\">\n\t\t\t\t\t\t\t\t\t\t<div class=\"swiper-slide\"><a data-elementor-open-lightbox=\"yes\" data-elementor-lightbox-slideshow=\"a4cd15e\" data-elementor-lightbox-title=\"anti poux\" data-e-action-hash=\"#elementor-action%3Aaction%3Dlightbox%26settings%3DeyJpZCI6NDM0LCJ1cmwiOiJodHRwczpcL1wvYW5pbWFsZ2VvLmZyXC93cC1jb250ZW50XC91cGxvYWRzXC8yMDI0XC8wNVwvYW50aS1wb3V4LmpwZyIsInNsaWRlc2hvdyI6ImE0Y2QxNWUifQ%3D%3D\" href=\"https:\/\/animalgeo.fr\/wp-content\/uploads\/2024\/05\/anti-poux.jpg\"><figure class=\"swiper-slide-inner\"><img decoding=\"async\" class=\"swiper-slide-image\" src=\"https:\/\/animalgeo.fr\/wp-content\/uploads\/2024\/05\/anti-poux-150x150.jpg\" alt=\"anti poux\" \/><\/figure><\/a><\/div><div class=\"swiper-slide\"><a data-elementor-open-lightbox=\"yes\" data-elementor-lightbox-slideshow=\"a4cd15e\" data-elementor-lightbox-title=\"fabriqu\u00e9 en france\" data-e-action-hash=\"#elementor-action%3Aaction%3Dlightbox%26settings%3DeyJpZCI6NzgsInVybCI6Imh0dHBzOlwvXC9hbmltYWxnZW8uZnJcL3dwLWNvbnRlbnRcL3VwbG9hZHNcLzIwMjRcLzA1XC9mYWJyaXF1ZS1lbi1mcmFuY2UucG5nIiwic2xpZGVzaG93IjoiYTRjZDE1ZSJ9\" href=\"https:\/\/animalgeo.fr\/wp-content\/uploads\/2024\/05\/fabrique-en-france.png\"><figure class=\"swiper-slide-inner\"><img decoding=\"async\" class=\"swiper-slide-image\" src=\"https:\/\/animalgeo.fr\/wp-content\/uploads\/2024\/05\/fabrique-en-france-150x150.png\" alt=\"fabriqu\u00e9 en france\" \/><\/figure><\/a><\/div><div class=\"swiper-slide\"><a data-elementor-open-lightbox=\"yes\" data-elementor-lightbox-slideshow=\"a4cd15e\" data-elementor-lightbox-title=\"efficas\" data-e-action-hash=\"#elementor-action%3Aaction%3Dlightbox%26settings%3DeyJpZCI6NzUsInVybCI6Imh0dHBzOlwvXC9hbmltYWxnZW8uZnJcL3dwLWNvbnRlbnRcL3VwbG9hZHNcLzIwMjRcLzA1XC9lZmZpY2FzLmpwZyIsInNsaWRlc2hvdyI6ImE0Y2QxNWUifQ%3D%3D\" href=\"https:\/\/animalgeo.fr\/wp-content\/uploads\/2024\/05\/efficas.jpg\"><figure class=\"swiper-slide-inner\"><img decoding=\"async\" class=\"swiper-slide-image\" src=\"https:\/\/animalgeo.fr\/wp-content\/uploads\/2024\/05\/efficas-150x150.jpg\" alt=\"efficas\" \/><\/figure><\/a><\/div><div class=\"swiper-slide\"><a data-elementor-open-lightbox=\"yes\" data-elementor-lightbox-slideshow=\"a4cd15e\" data-elementor-lightbox-title=\"permet conso oefs\" data-e-action-hash=\"#elementor-action%3Aaction%3Dlightbox%26settings%3DeyJpZCI6NzYsInVybCI6Imh0dHBzOlwvXC9hbmltYWxnZW8uZnJcL3dwLWNvbnRlbnRcL3VwbG9hZHNcLzIwMjRcLzA1XC9wZXJtZXQtY29uc28tb2Vmcy5qcGciLCJzbGlkZXNob3ciOiJhNGNkMTVlIn0%3D\" href=\"https:\/\/animalgeo.fr\/wp-content\/uploads\/2024\/05\/permet-conso-oefs.jpg\"><figure class=\"swiper-slide-inner\"><img decoding=\"async\" class=\"swiper-slide-image\" src=\"https:\/\/animalgeo.fr\/wp-content\/uploads\/2024\/05\/permet-conso-oefs-150x150.jpg\" alt=\"permet conso oefs\" \/><\/figure><\/a><\/div>                <\/div>\n\t\t\t\t\t\t\t\t\t                        <div class=\"swiper-pagination\"><\/div>\n\t\t\t\t\t\t\t\t\t\t                        <div class=\"elementor-swiper-button elementor-swiper-button-prev\">\n                            <i class=\"eicon-chevron-left\" aria-hidden=\"true\"><\/i>\n                            <span class=\"elementor-screen-only\">Pr\u00e9c\u00e9dent<\/span>\n                        <\/div>\n                        <div class=\"elementor-swiper-button elementor-swiper-button-next\">\n                            <i class=\"eicon-chevron-right\" aria-hidden=\"true\"><\/i>\n                            <span class=\"elementor-screen-only\">Suivant<\/span>\n                        <\/div>\n\t\t\t\t\t\t\t\t\t            <\/div>\n\t\t\t\t\t<\/div>\n\t\t\t\t<\/div>\n\t\t\t\t\t<\/div>\n\t\t\t\t<\/div>\n\t\t\t\t<\/div>\n\t\t","protected":false},"excerpt":{"rendered":"<p>ANIMALGEO a con\u00e7u avec PHYT&rsquo;O&rsquo;GEO des soins naturels et efficaces, \u00e0 la pointe de l&rsquo;innovation tant en termes d&rsquo;efficacit\u00e9 que d&rsquo;\u00e9cologie. Ils sont fabriqu\u00e9s en France et r\u00e9pondent \u00e0 un cahier des charges strict. Ils sont adapt\u00e9s \u00e0 une utilisation sur les animaux de basse-cour, ainsi que sur les chiens, les chats et les chevaux. Ces produits sont utilis\u00e9s par les \u00e9leveurs et les v\u00e9t\u00e9rinaires. Ils sont faciles \u00e0 utiliser et \u00e9conomiques. Les soins PHYT&rsquo;O&rsquo;GEO sont disponibles dans les magasins sp\u00e9cialis\u00e9s. Pr\u00e9c\u00e9dent Suivant<\/p>\n","protected":false},"author":1,"featured_media":0,"parent":0,"menu_order":0,"comment_status":"closed","ping_status":"closed","template":"elementor_header_footer","meta":{"footnotes":""},"class_list":["post-483","page","type-page","status-publish","hentry"],"_links":{"self":[{"href":"https:\/\/animalgeo.fr\/index.php\/wp-json\/wp\/v2\/pages\/483","targetHints":{"allow":["GET"]}}],"collection":[{"href":"https:\/\/animalgeo.fr\/index.php\/wp-json\/wp\/v2\/pages"}],"about":[{"href":"https:\/\/animalgeo.fr\/index.php\/wp-json\/wp\/v2\/types\/page"}],"author":[{"embeddable":true,"href":"https:\/\/animalgeo.fr\/index.php\/wp-json\/wp\/v2\/users\/1"}],"replies":[{"embeddable":true,"href":"https:\/\/animalgeo.fr\/index.php\/wp-json\/wp\/v2\/comments?post=483"}],"version-history":[{"count":10,"href":"https:\/\/animalgeo.fr\/index.php\/wp-json\/wp\/v2\/pages\/483\/revisions"}],"predecessor-version":[{"id":496,"href":"https:\/\/animalgeo.fr\/index.php\/wp-json\/wp\/v2\/pages\/483\/revisions\/496"}],"wp:attachment":[{"href":"https:\/\/animalgeo.fr\/index.php\/wp-json\/wp\/v2\/media?parent=483"}],"curies":[{"name":"wp","href":"https:\/\/api.w.org\/{rel}","templated":true}]}}